{"id":363,"date":"2025-10-14T21:02:12","date_gmt":"2025-10-14T19:02:12","guid":{"rendered":"http:\/\/anikar.pl\/?page_id=363"},"modified":"2025-10-16T09:59:34","modified_gmt":"2025-10-16T07:59:34","slug":"15-podatku-dla-fundacji-anikar","status":"publish","type":"page","link":"http:\/\/anikar.pl\/?page_id=363","title":{"rendered":"1,5 % podatku dla Fundacji ANIKAR"},"content":{"rendered":"\n<p class=\"has-text-align-center\"><strong>Rozliczaj\u0105c i PIT mo\u017cesz przekaza\u0107 1,5% na cele statutowe Fundacji ANIKAR<\/strong><\/p>\n\n\n\n<h1 class=\"wp-block-heading has-text-align-center has-small-font-size\" id=\"oppName\">wype\u0142niaj\u0105c pit wpisz: <\/h1>\n\n\n\n<p class=\"has-text-align-center has-vivid-red-color has-text-color has-link-color has-regular-font-size wp-elements-73adbf4edb04248c6b743b29171deec5\"><strong>KRS 0000215720 cel szczeg\u00f3\u0142owy ANIKAR<\/strong><\/p>\n\n\n\n<figure class=\"wp-block-image size-large\"><img loading=\"lazy\" decoding=\"async\" width=\"1024\" height=\"512\" src=\"http:\/\/anikar.pl\/wp-content\/uploads\/2025\/10\/1-5-procent-1024x512.jpg\" alt=\"\" class=\"wp-image-390\" srcset=\"http:\/\/anikar.pl\/wp-content\/uploads\/2025\/10\/1-5-procent-1024x512.jpg 1024w, http:\/\/anikar.pl\/wp-content\/uploads\/2025\/10\/1-5-procent-300x150.jpg 300w, http:\/\/anikar.pl\/wp-content\/uploads\/2025\/10\/1-5-procent-768x384.jpg 768w, http:\/\/anikar.pl\/wp-content\/uploads\/2025\/10\/1-5-procent-1536x768.jpg 1536w, http:\/\/anikar.pl\/wp-content\/uploads\/2025\/10\/1-5-procent.jpg 2000w\" sizes=\"auto, (max-width: 1024px) 100vw, 1024px\" \/><\/figure>\n","protected":false},"excerpt":{"rendered":"<p>Rozliczaj\u0105c i PIT mo\u017cesz przekaza\u0107 1,5% na cele statutowe Fundacji ANIKAR wype\u0142niaj\u0105c pit wpisz: KRS 0000215720 cel szczeg\u00f3\u0142owy ANIKAR<\/p>\n","protected":false},"author":1,"featured_media":0,"parent":0,"menu_order":0,"comment_status":"closed","ping_status":"closed","template":"","meta":{"footnotes":""},"class_list":["post-363","page","type-page","status-publish","hentry"],"_links":{"self":[{"href":"http:\/\/anikar.pl\/index.php?rest_route=\/wp\/v2\/pages\/363","targetHints":{"allow":["GET"]}}],"collection":[{"href":"http:\/\/anikar.pl\/index.php?rest_route=\/wp\/v2\/pages"}],"about":[{"href":"http:\/\/anikar.pl\/index.php?rest_route=\/wp\/v2\/types\/page"}],"author":[{"embeddable":true,"href":"http:\/\/anikar.pl\/index.php?rest_route=\/wp\/v2\/users\/1"}],"replies":[{"embeddable":true,"href":"http:\/\/anikar.pl\/index.php?rest_route=%2Fwp%2Fv2%2Fcomments&post=363"}],"version-history":[{"count":5,"href":"http:\/\/anikar.pl\/index.php?rest_route=\/wp\/v2\/pages\/363\/revisions"}],"predecessor-version":[{"id":395,"href":"http:\/\/anikar.pl\/index.php?rest_route=\/wp\/v2\/pages\/363\/revisions\/395"}],"wp:attachment":[{"href":"http:\/\/anikar.pl\/index.php?rest_route=%2Fwp%2Fv2%2Fmedia&parent=363"}],"curies":[{"name":"wp","href":"https:\/\/api.w.org\/{rel}","templated":true}]}}