{"id":22,"date":"2025-10-09T11:58:43","date_gmt":"2025-10-09T09:58:43","guid":{"rendered":"http:\/\/anikar.pl\/?page_id=22"},"modified":"2026-02-08T18:52:35","modified_gmt":"2026-02-08T17:52:35","slug":"zarzad-i-kierownictwo","status":"publish","type":"page","link":"http:\/\/anikar.pl\/?page_id=22","title":{"rendered":"Struktura i zasady dzia\u0142ania Fundacji"},"content":{"rendered":"\n<p class=\"has-text-align-center has-small-font-size\"><strong> Fundacj\u0105  ANIKAR kieruj\u0105:<\/strong><\/p>\n\n\n\n<div class=\"wp-block-media-text is-stacked-on-mobile is-style-rounded\" style=\"grid-template-columns:16% auto\"><figure class=\"wp-block-media-text__media\"><img loading=\"lazy\" decoding=\"async\" width=\"628\" height=\"634\" src=\"https:\/\/anikar.pl\/wp-content\/uploads\/2026\/02\/gumis.jpg\" alt=\"\" class=\"wp-image-412 size-full\" srcset=\"http:\/\/anikar.pl\/wp-content\/uploads\/2026\/02\/gumis.jpg 628w, http:\/\/anikar.pl\/wp-content\/uploads\/2026\/02\/gumis-297x300.jpg 297w, http:\/\/anikar.pl\/wp-content\/uploads\/2026\/02\/gumis-150x150.jpg 150w\" sizes=\"auto, (max-width: 628px) 100vw, 628px\" \/><\/figure><div class=\"wp-block-media-text__content\">\n<p><strong>Micha\u0142 Lipowski<\/strong> \u2013 Prezes Zarz\u0105du , Fundator Fundacji ANIKA <\/p>\n\n\n\n<p>Bezpo\u015brednio zwi\u0105zany z Fundacj\u0105 ANIKAR od samego pocz\u0105tku. <\/p>\n\n\n\n<p>Ratownik GPR ANIKAR, Instruktor Wspinaczki, Pierwszej Pomocy, Pilot BSP, Sternik motorowodny, ratownik wodny.<\/p>\n<\/div><\/div>\n\n\n\n<div class=\"wp-block-media-text is-stacked-on-mobile is-style-rounded\" style=\"grid-template-columns:15% auto\"><figure class=\"wp-block-media-text__media\"><img loading=\"lazy\" decoding=\"async\" width=\"640\" height=\"776\" src=\"https:\/\/anikar.pl\/wp-content\/uploads\/2026\/02\/beata.jpg\" alt=\"\" class=\"wp-image-414 size-full\" srcset=\"http:\/\/anikar.pl\/wp-content\/uploads\/2026\/02\/beata.jpg 640w, http:\/\/anikar.pl\/wp-content\/uploads\/2026\/02\/beata-247x300.jpg 247w\" sizes=\"auto, (max-width: 640px) 100vw, 640px\" \/><\/figure><div class=\"wp-block-media-text__content\">\n<p><strong>Beata Wi\u015bniewska<\/strong> \u2013 Wiceprezes Zarz\u0105du<\/p>\n\n\n\n<p>Koordynator szkole\u0144 w Fundacji ANIKAR, zwi\u0105zana z Fundacj\u0105 praktycznie od samego pocz\u0105tku<\/p>\n\n\n\n<p>Wieloletni pracownik pa\u0144stwowej s\u0142u\u017cby zdrowia,  magister piel\u0119gniarstwa i wyk\u0142adowca akademicki.<\/p>\n<\/div><\/div>\n\n\n\n<div class=\"wp-block-media-text is-stacked-on-mobile is-style-default\" style=\"grid-template-columns:15% auto\"><figure class=\"wp-block-media-text__media\"><img loading=\"lazy\" decoding=\"async\" width=\"1024\" height=\"1006\" src=\"https:\/\/anikar.pl\/wp-content\/uploads\/2026\/02\/rafi-1024x1006.jpg\" alt=\"\" class=\"wp-image-413 size-full\" srcset=\"http:\/\/anikar.pl\/wp-content\/uploads\/2026\/02\/rafi-1024x1006.jpg 1024w, http:\/\/anikar.pl\/wp-content\/uploads\/2026\/02\/rafi-300x295.jpg 300w, http:\/\/anikar.pl\/wp-content\/uploads\/2026\/02\/rafi-768x755.jpg 768w, http:\/\/anikar.pl\/wp-content\/uploads\/2026\/02\/rafi-1536x1509.jpg 1536w, http:\/\/anikar.pl\/wp-content\/uploads\/2026\/02\/rafi.jpg 2048w\" sizes=\"auto, (max-width: 1024px) 100vw, 1024px\" \/><\/figure><div class=\"wp-block-media-text__content\">\n<p><strong>Rafa\u0142 Malec<\/strong> \u2013 Wiceprezes Zarz\u0105du, koordynator krajowy GPR<\/p>\n\n\n\n<p>Zwi\u0105zany z Fundacj\u0105 od 2017 roku,  poprzednie stanowisko Naczelnik GPR Mazowsze<\/p>\n\n\n\n<p>Aktualnie Ratownik i pilot BSP w GPR ANIKAR<\/p>\n<\/div><\/div>\n\n\n\n<div class=\"wp-block-media-text is-stacked-on-mobile is-style-rounded\" style=\"grid-template-columns:15% auto\"><figure class=\"wp-block-media-text__media\"><img loading=\"lazy\" decoding=\"async\" width=\"1024\" height=\"771\" src=\"https:\/\/anikar.pl\/wp-content\/uploads\/2026\/02\/Viktoriia-1024x771.jpg\" alt=\"\" class=\"wp-image-415 size-full\" srcset=\"http:\/\/anikar.pl\/wp-content\/uploads\/2026\/02\/Viktoriia-1024x771.jpg 1024w, http:\/\/anikar.pl\/wp-content\/uploads\/2026\/02\/Viktoriia-300x226.jpg 300w, http:\/\/anikar.pl\/wp-content\/uploads\/2026\/02\/Viktoriia-768x578.jpg 768w, http:\/\/anikar.pl\/wp-content\/uploads\/2026\/02\/Viktoriia-1536x1157.jpg 1536w, http:\/\/anikar.pl\/wp-content\/uploads\/2026\/02\/Viktoriia.jpg 2040w\" sizes=\"auto, (max-width: 1024px) 100vw, 1024px\" \/><\/figure><div class=\"wp-block-media-text__content\">\n<p> <strong>Viktoriia Gurtova<\/strong> &#8211; Dyrektor oddzia\u0142u Fundacji ANIKAR w E\u0142ku<\/p>\n\n\n\n<p>Zwi\u0105zana z Fundacj\u0105 od 2024 roku,  zawodowo zajmowa\u0142a si\u0119 bezpiecze\u0144stwem i ratownictwem od roku 2014<\/p>\n\n\n\n<p>Aktualnie Ratownik i Planista w GPR ANIKAR<\/p>\n<\/div><\/div>\n\n\n\n<p class=\"has-text-align-center\">Wszelkie pe\u0142nione funkcje to wolontariat. Fundacja ANIKAR nie wyp\u0142aca pensji dla zarz\u0105du i nie ma pracownik\u00f3w.<\/p>\n\n\n\n<figure class=\"wp-block-table\"><table class=\"has-fixed-layout\"><tbody><tr><td><strong>Komisja Rewizyjna<\/strong><\/td><td><strong>Kolegium Sponsor\u00f3w<\/strong><\/td><\/tr><tr><td>Krzysztof Antoniewski &#8211; Przewodnicz\u0105cy<br>Agnieszka Kostrzewa<br>Marta Kazubska<\/td><td>Piotr Bieli\u0144ski &#8211; Przewodnicz\u0105cy<br>Ewa Zara\u015b<br>Marek Kilja\u0144ski-Piotrowski<\/td><\/tr><\/tbody><\/table><\/figure>\n\n\n\n<p class=\"has-text-align-center\"><strong>GPR ANIKAR<\/strong><\/p>\n\n\n\n<figure class=\"wp-block-table\"><table class=\"has-fixed-layout\"><tbody><tr><td><strong>Oddzia\u0142 w Warszawie<\/strong><\/td><td><strong>Oddzia\u0142 w E\u0142ku<\/strong><\/td><\/tr><tr><td><strong>Stefan Nabrdalik<\/strong> &#8211; Naczelnik <br><strong>Konrad Bieli\u0144ski <\/strong>&#8211; Sekretarz Fundacji w Warszawie, zast\u0119pca Naczelnika <br><strong>Robert Leszczy\u0144ski <\/strong>&#8211; zast\u0119pca Naczelnika <\/td><td><strong>Micha\u0142 Lipowski<\/strong> &#8211; Naczelnik<br><strong>rat. med. Artur \u0141abacz<\/strong>  &#8211; zast\u0119pca Naczelnika<br><strong>Tymon Kosiorek <\/strong>&#8211; zast\u0119pca Naczelnika<\/td><\/tr><\/tbody><\/table><\/figure>\n\n\n\n<div class=\"wp-block-columns is-layout-flex wp-container-core-columns-is-layout-28f84493 wp-block-columns-is-layout-flex\"><\/div>\n\n\n\n<figure class=\"wp-block-table\"><table class=\"has-fixed-layout\"><tbody><tr><td class=\"has-text-align-center\" data-align=\"center\">Statut Fundacji ANIKAR <\/td><td class=\"has-text-align-center\" data-align=\"center\">Regulamin GPR ANIKAR <\/td><\/tr><\/tbody><\/table><\/figure>\n\n\n\n<p class=\"has-small-font-size\"><strong>Osoby funkcyjne Fundacja ANIKAR<\/strong><\/p>\n\n\n\n<p><strong>lek. Adam Maciej Pietrzak<\/strong>&#8211; Koordynator Ratownictwa Medycznego<\/p>\n\n\n\n<p><strong>por piel. mgr Agnieszka Pask<\/strong>o \u2013 Koordynator ds. Czerwonej Taktyki oraz kontakt\u00f3w z WOT<\/p>\n\n\n\n<p><strong>Kinga Kniaziewicz-Tabor<\/strong> Sekretarz oddzia\u0142u Fundacji w E\u0142ku<\/p>\n\n\n\n<p><strong>\u0141ukasz Ka\u017amierczak<\/strong> &#8211; Og\u00f3lnopolski koordynator ds. rekrutacji<\/p>\n\n\n\n<p><strong>Brajan Smaka<\/strong> &#8211; Dow\u00f3dca MDPR, Planista GPR ANIKAR<\/p>\n\n\n\n<p><strong>Specjali\u015bci i konsultanci ANIKAR<\/strong><\/p>\n\n\n\n<p><strong>mgr, rat. med.  Kinga Go\u0142\u0119biewska<\/strong> \u2013 Pe\u0142nomocnik ds. medycznych<\/p>\n\n\n\n<p><strong>podinsp. Grzegorz Kobeszko<\/strong>  &#8211; G\u0142\u00f3wny specjalista  ds Zarz\u0105dzania Kryzysowego i  Ochrony Ludno\u015bci<\/p>\n\n\n\n<p><strong>Piotr Szyma\u0144ski<\/strong> &#8211; Konsultant BRD<\/p>\n\n\n\n<p><strong>Lubomir W\u00f3jcicki <\/strong>\u2013 Koordynator Szkole\u0144 Poszukiwawczo -Ratowniczych<\/p>\n\n\n\n<p><\/p>\n\n\n\n<p class=\"has-text-align-center has-small-font-size\"><strong>A w ca\u0142ej Polsce dzia\u0142aj\u0105:<\/strong><\/p>\n\n\n\n<p class=\"has-text-align-center has-small-font-size\"><strong><em>pozostali wolontariusze, bez kt\u00f3rych Fundacja nie mog\u0142aby istnie\u0107<\/em><\/strong>&#8230;.<\/p>\n\n\n\n<p><\/p>\n\n\n\n<p class=\"has-text-align-center has-small-font-size\"><strong>Odeszli od nas na zawsze:<\/strong><\/p>\n\n\n\n<p class=\"has-text-align-center\">\u015a.P.  Mariusz Smolarek &#8211; kolegium sponsor\u00f3w<\/p>\n\n\n\n<p class=\"has-text-align-center\">\u015a.P. Mateusz Szyma\u0144ski &#8211; Cz\u0142onek Honorowy<\/p>\n\n\n\n<p class=\"has-text-align-center\">\u015a.P. Marek Janicki &#8211; kolegium sponsor\u00f3w<\/p>\n\n\n\n<p class=\"has-text-align-center has-small-font-size\">\u015a.P. mgr Anna Lipowska -Fundator Fundacji ANIKAR, Koordynator szkole\u0144 \u2013 warsztat\u00f3w i szkolenia dla najm\u0142odszych<\/p>\n\n\n\n<p><\/p>\n\n\n\n<p class=\"has-text-align-center\"><strong>Copyright \u00a9 Fundacja ANIKAR 2025<\/strong><\/p>\n\n\n\n<p><\/p>\n","protected":false},"excerpt":{"rendered":"<p>Fundacj\u0105 ANIKAR kieruj\u0105: Micha\u0142 Lipowski \u2013 Prezes Zarz\u0105du , Fundator Fundacji ANIKA Bezpo\u015brednio zwi\u0105zany z Fundacj\u0105 ANIKAR od samego pocz\u0105tku. Ratownik GPR ANIKAR, Instruktor Wspinaczki, Pierwszej Pomocy, Pilot BSP, Sternik motorowodny, ratownik wodny. Beata Wi\u015bniewska \u2013 Wiceprezes Zarz\u0105du Koordynator szkole\u0144 w Fundacji ANIKAR, zwi\u0105zana z Fundacj\u0105 praktycznie od samego pocz\u0105tku Wieloletni pracownik pa\u0144stwowej s\u0142u\u017cby zdrowia, [&hellip;]<\/p>\n","protected":false},"author":1,"featured_media":0,"parent":0,"menu_order":0,"comment_status":"closed","ping_status":"closed","template":"","meta":{"footnotes":""},"class_list":["post-22","page","type-page","status-publish","hentry"],"_links":{"self":[{"href":"http:\/\/anikar.pl\/index.php?rest_route=\/wp\/v2\/pages\/22","targetHints":{"allow":["GET"]}}],"collection":[{"href":"http:\/\/anikar.pl\/index.php?rest_route=\/wp\/v2\/pages"}],"about":[{"href":"http:\/\/anikar.pl\/index.php?rest_route=\/wp\/v2\/types\/page"}],"author":[{"embeddable":true,"href":"http:\/\/anikar.pl\/index.php?rest_route=\/wp\/v2\/users\/1"}],"replies":[{"embeddable":true,"href":"http:\/\/anikar.pl\/index.php?rest_route=%2Fwp%2Fv2%2Fcomments&post=22"}],"version-history":[{"count":40,"href":"http:\/\/anikar.pl\/index.php?rest_route=\/wp\/v2\/pages\/22\/revisions"}],"predecessor-version":[{"id":434,"href":"http:\/\/anikar.pl\/index.php?rest_route=\/wp\/v2\/pages\/22\/revisions\/434"}],"wp:attachment":[{"href":"http:\/\/anikar.pl\/index.php?rest_route=%2Fwp%2Fv2%2Fmedia&parent=22"}],"curies":[{"name":"wp","href":"https:\/\/api.w.org\/{rel}","templated":true}]}}