{"id":20,"date":"2025-10-09T11:57:49","date_gmt":"2025-10-09T09:57:49","guid":{"rendered":"http:\/\/anikar.pl\/?page_id=20"},"modified":"2026-02-19T15:41:09","modified_gmt":"2026-02-19T14:41:09","slug":"kontakt","status":"publish","type":"page","link":"http:\/\/anikar.pl\/?page_id=20","title":{"rendered":"KONTAKT"},"content":{"rendered":"\n<p class=\"has-text-align-center has-regular-font-size\" style=\"border-width:11px\"><mark style=\"background-color:rgba(0, 0, 0, 0);color:#cf2e2e\" class=\"has-inline-color\"><strong>Telefon ALARMOWY  &#8211; RATOWNIK DY\u017bURNY<\/strong><\/mark><\/p>\n\n\n\n<p class=\"has-text-align-center has-regular-font-size\" style=\"border-width:5px\"><strong><mark style=\"background-color:rgba(0, 0, 0, 0);color:#cf2e2e\" class=\"has-inline-color\">22 2662997<\/mark><\/strong><\/p>\n\n\n\n<h2 class=\"wp-block-heading has-text-align-center has-black-color has-text-color has-link-color wp-elements-972edfbd1ac00f0de63d195edb328bbd\">Fundacja ANIKAR<\/h2>\n\n\n\n<p class=\"has-text-align-center\">wpisana do REJESTRU STOWARZYSZE\u0143, INNYCH ORGANIZACJI SPO\u0141ECZNYCH I ZAWODOWYCH, FUNDACJI ORAZ SAMODZIELNYCH PUBLICZNYCH ZAK\u0141AD\u00d3W OPIEKI ZDROWOTNEJ prowadzonego przez SAD REJONOWY DLA M. ST. WARSZAWY W WARSZAWIE, XIII WYDZIA\u0141 GOSPODARCZY KRAJOWEGO REJESTRU SADOWEGO WA.XIII NS-REJ.KRS\/59094\/18\/192 pod numerem<\/p>\n\n\n\n<p class=\"has-text-align-center\"><strong>KRS 0000429324<\/strong>  REGON:<strong>&nbsp;146258745, NIP: 5213635512<\/strong>  <\/p>\n\n\n\n<p class=\"has-text-align-center\">Nr rachunku bankowego 22 1240 6410 1111 0010 6072 5911<\/p>\n\n\n\n<p class=\"has-text-align-center\"><strong>Prosimy o kierowanie korespondencji na adres e-dor\u0119cze\u0144<\/strong><\/p>\n\n\n\n<p class=\"has-text-align-center\">ADRES E-Dor\u0119czenia<strong> AE:PL-66960-51880-UTHWW-21<\/strong><\/p>\n\n\n\n<p class=\"has-text-align-center\">ul. BR\u0104ZOWNICZA, nr 7, lok. 40, miejsc. WARSZAWA, kod 01-929<\/p>\n\n\n\n<p class=\"has-text-align-center\">Pod adresem rejestracyjnym nie ma biura otwartego dla interesant\u00f3w, fundacja dzia\u0142a w miejscu wskazanym przez zleceniodawc\u00f3w. Prosimy o kontakt telefoniczny lub drog\u0105 elektroniczn\u0105.<\/p>\n\n\n\n<p class=\"has-text-align-center\"><strong>Jednostki terenowe:<\/strong><\/p>\n\n\n\n<p class=\"has-text-align-center\">ANIKAR oddzia\u0142 w E\u0142ku, ul. MICHA\u0141A KAJKI, nr 1, lok.<br>2, miejsc. E\u0141K, kod 19-300<\/p>\n\n\n\n<p class=\"has-text-align-center\">Biuro Fundacji tel 505 977 112, e-mail:<br>fundacja@anikar.pl<\/p>\n\n\n\n<p class=\"has-text-align-center\"><\/p>\n\n\n\n<p class=\"has-text-align-center\"><strong>Jednostki operacyjne :<\/strong><\/p>\n\n\n\n<p class=\"has-text-align-center\">Grupa Poszukiwawczo -Ratownicza ANIKAR<br>e-mail: gpr@anikar.pl<\/p>\n\n\n\n<p class=\"has-text-align-center\"><strong>GPR ANIKAR<\/strong> <strong>Mazowsze<\/strong>: <strong>Rafa\u0142 Malec \u2013 lokalizacja Warszawa<\/strong><\/p>\n\n\n\n<p class=\"has-text-align-center\"><strong>GPR ANIKAR<\/strong> <strong>Mazury<\/strong>: <strong>Micha\u0142 Lipowski \u2013 lokalizacja E\u0142k<\/strong><\/p>\n\n\n\n<p class=\"has-text-align-center\"><strong>Wa\u017cne informacje :<\/strong><\/p>\n\n\n\n<!--nextpage-->\n\n\n\n<p class=\"has-text-align-center\">Fundacja nie zawiera um\u00f3w w tym<br>internetowych kt\u00f3re nios\u0105 nast\u0119pstwa finansowe jednoosobowo ( w tym um\u00f3w<br>cywilno-prawnych oraz um\u00f3w o prac\u0119 ) \u2013 zgodnie z KRS:<\/p>\n\n\n\n<p class=\"has-text-align-center\"><strong>\u201eO\u015aWIADCZENIE WOLI SK\u0141ADANE W IMIENIU<br>FUNDACJI ORAZ PODPISYWANIE DOKUMENT\u00d3W DOTYCZ\u0104CYCH ZOBOWI\u0104ZA\u0143 FINANSOWYCH<br>(MAJ\u0104TKOWYCH) UM\u00d3W O PRAC\u0118 O PRAC\u0118 ORAZ INNYCH O\u015aWIADCZE\u0143 WYMAGANE JEST<br>WSP\u00d3\u0141DZIA\u0141ANIE DW\u00d3CH CZ\u0141ONK\u00d3W ZARZ\u0104DU \u0141\u0104CZNIE\u201d<\/strong><\/p>\n\n\n\n<p class=\"has-text-align-center\">Wi\u0119c wszystkie \u201eumowy\u201d nie s\u0105 wa\u017cne o ile nie zosta\u0142y<br>podpisane przez dw\u00f3ch Cz\u0142onk\u00f3w Zarz\u0105du<\/p>\n\n\n\n<p class=\"has-text-align-center\">Do reprezentacji jednoosobowej \u2013<br>Podpisywanie porozumie\u0144, um\u00f3w mi\u0119dzy organizacjami lub podmiotami oraz innych<br>dokument\u00f3w nie nios\u0105cych skutk\u00f3w finansowych i nie b\u0119d\u0105cych zobowi\u0105zaniami<br>finansowymi w tym porozumie\u0144 o wolontariat upowa\u017cniony jest jednoosobowo Prezes<br>Zarz\u0105du<\/p>\n\n\n\n<p class=\"has-text-align-center\">Fundacja ANIKAR nie jest Podmiotem<br>Wykonuj\u0105cym Dzia\u0142alno\u015b\u0107 Lecznicz\u0105 i nie udziela \u015awiadcze\u0144 Zdrowotnych. Grupa<br>Poszukiwawczo-Ratownicza ANIKAR jest jednostk\u0105 wsp\u00f3\u0142pracuj\u0105c\u0105 z Systemem<br>Pa\u0144stwowe Ratownictwo Medyczne na terenie Wojew\u00f3dztwa Mazowieckiego. Wszelkie<br>zadania s\u0105 realizowane jako Wolontariat przez Cz\u0142onk\u00f3w \u2013 Wolontariuszy Fundacji<br>a w przypadkach szczeg\u00f3lnych Fundacja ANIKAR podpiera si\u0119 wsp\u00f3\u0142prac\u0105 z<br>Podmiotami Leczniczymi&nbsp;.<\/p>\n\n\n\n<p class=\"has-text-align-center\"><strong>Copyright \u00a9 Fundacja ANIKAR 2021<\/strong><\/p>\n\n\n\n<p><\/p>\n","protected":false},"excerpt":{"rendered":"<p>Telefon ALARMOWY &#8211; RATOWNIK DY\u017bURNY 22 2662997 Fundacja ANIKAR wpisana do REJESTRU STOWARZYSZE\u0143, INNYCH ORGANIZACJI SPO\u0141ECZNYCH I ZAWODOWYCH, FUNDACJI ORAZ SAMODZIELNYCH PUBLICZNYCH ZAK\u0141AD\u00d3W OPIEKI ZDROWOTNEJ prowadzonego przez SAD REJONOWY DLA M. ST. WARSZAWY W WARSZAWIE, XIII WYDZIA\u0141 GOSPODARCZY KRAJOWEGO REJESTRU SADOWEGO WA.XIII NS-REJ.KRS\/59094\/18\/192 pod numerem KRS 0000429324 REGON:&nbsp;146258745, NIP: 5213635512 Nr rachunku bankowego 22 1240 [&hellip;]<\/p>\n","protected":false},"author":1,"featured_media":13,"parent":0,"menu_order":0,"comment_status":"closed","ping_status":"closed","template":"","meta":{"footnotes":""},"class_list":["post-20","page","type-page","status-publish","has-post-thumbnail","hentry"],"_links":{"self":[{"href":"http:\/\/anikar.pl\/index.php?rest_route=\/wp\/v2\/pages\/20","targetHints":{"allow":["GET"]}}],"collection":[{"href":"http:\/\/anikar.pl\/index.php?rest_route=\/wp\/v2\/pages"}],"about":[{"href":"http:\/\/anikar.pl\/index.php?rest_route=\/wp\/v2\/types\/page"}],"author":[{"embeddable":true,"href":"http:\/\/anikar.pl\/index.php?rest_route=\/wp\/v2\/users\/1"}],"replies":[{"embeddable":true,"href":"http:\/\/anikar.pl\/index.php?rest_route=%2Fwp%2Fv2%2Fcomments&post=20"}],"version-history":[{"count":18,"href":"http:\/\/anikar.pl\/index.php?rest_route=\/wp\/v2\/pages\/20\/revisions"}],"predecessor-version":[{"id":439,"href":"http:\/\/anikar.pl\/index.php?rest_route=\/wp\/v2\/pages\/20\/revisions\/439"}],"wp:featuredmedia":[{"embeddable":true,"href":"http:\/\/anikar.pl\/index.php?rest_route=\/wp\/v2\/media\/13"}],"wp:attachment":[{"href":"http:\/\/anikar.pl\/index.php?rest_route=%2Fwp%2Fv2%2Fmedia&parent=20"}],"curies":[{"name":"wp","href":"https:\/\/api.w.org\/{rel}","templated":true}]}}