{"id":127,"date":"2025-10-09T19:43:34","date_gmt":"2025-10-09T17:43:34","guid":{"rendered":"http:\/\/anikar.pl\/?page_id=127"},"modified":"2025-10-21T20:32:02","modified_gmt":"2025-10-21T18:32:02","slug":"wspomoz-fundacje","status":"publish","type":"page","link":"http:\/\/anikar.pl\/?page_id=127","title":{"rendered":"Wsp\u00f3\u0142praca"},"content":{"rendered":"\n<div class=\"wp-block-media-text is-stacked-on-mobile\" style=\"grid-template-columns:20% auto\"><figure class=\"wp-block-media-text__media\"><img loading=\"lazy\" decoding=\"async\" width=\"548\" height=\"596\" src=\"http:\/\/anikar.pl\/wp-content\/uploads\/2025\/10\/Obrazek-62.jpeg\" alt=\"\" class=\"wp-image-218 size-full\" srcset=\"http:\/\/anikar.pl\/wp-content\/uploads\/2025\/10\/Obrazek-62.jpeg 548w, http:\/\/anikar.pl\/wp-content\/uploads\/2025\/10\/Obrazek-62-276x300.jpeg 276w\" sizes=\"auto, (max-width: 548px) 100vw, 548px\" \/><\/figure><div class=\"wp-block-media-text__content\">\n<p><\/p>\n\n\n\n<p>Fundacja ANIKAR jest cz\u0142onkiem &#8211; za\u0142o\u017cycielem  Zwi\u0105zku Cywilnych Grup Poszukiwawczo Ratowniczych Rzeczpospolitej Polskiej, jednocze\u015bnie wsp\u00f3\u0142pracuje ze  Zwi\u0105zkiem od dnia powstania.<\/p>\n<\/div><\/div>\n\n\n\n<div class=\"wp-block-media-text has-media-on-the-right is-stacked-on-mobile\" style=\"grid-template-columns:auto 20%\"><div class=\"wp-block-media-text__content\">\n<p>Nasze zespo\u0142y pracuj\u0105 od samego pocz\u0105tku na aplikacji: <a href=\"https:\/\/www.facebook.com\/aplikacja.siron?__tn__=-UC*F\">SIRON &#8211; wspieraj\u0105c poszukiwania zaginionych<\/a> Razem staramy si\u0119 wsp\u00f3lnie  budowa\u0107 spo\u0142eczno\u015b\u0107 profesjonalist\u00f3w w temacie poszukiwa\u0144 i planistyki. <\/p>\n<\/div><figure class=\"wp-block-media-text__media\"><img loading=\"lazy\" decoding=\"async\" width=\"296\" height=\"308\" src=\"http:\/\/anikar.pl\/wp-content\/uploads\/2025\/10\/unnamed.png\" alt=\"\" class=\"wp-image-398 size-full\" srcset=\"http:\/\/anikar.pl\/wp-content\/uploads\/2025\/10\/unnamed.png 296w, http:\/\/anikar.pl\/wp-content\/uploads\/2025\/10\/unnamed-288x300.png 288w\" sizes=\"auto, (max-width: 296px) 100vw, 296px\" \/><\/figure><\/div>\n\n\n\n<p class=\"has-text-align-center has-medium-font-size\"><strong>Wsp\u00f3\u0142praca na podstawie porozumienia celowego<\/strong><\/p>\n\n\n\n<div class=\"wp-block-media-text is-stacked-on-mobile\" style=\"grid-template-columns:21% auto\"><figure class=\"wp-block-media-text__media\"><img loading=\"lazy\" decoding=\"async\" width=\"1024\" height=\"1024\" src=\"http:\/\/anikar.pl\/wp-content\/uploads\/2025\/10\/Zdjecie-WhatsApp-2025-10-14-o-09.32.11_c47b0f5a-1024x1024.jpg\" alt=\"\" class=\"wp-image-264 size-full\" srcset=\"http:\/\/anikar.pl\/wp-content\/uploads\/2025\/10\/Zdjecie-WhatsApp-2025-10-14-o-09.32.11_c47b0f5a-1024x1024.jpg 1024w, http:\/\/anikar.pl\/wp-content\/uploads\/2025\/10\/Zdjecie-WhatsApp-2025-10-14-o-09.32.11_c47b0f5a-300x300.jpg 300w, http:\/\/anikar.pl\/wp-content\/uploads\/2025\/10\/Zdjecie-WhatsApp-2025-10-14-o-09.32.11_c47b0f5a-150x150.jpg 150w, http:\/\/anikar.pl\/wp-content\/uploads\/2025\/10\/Zdjecie-WhatsApp-2025-10-14-o-09.32.11_c47b0f5a-768x768.jpg 768w, http:\/\/anikar.pl\/wp-content\/uploads\/2025\/10\/Zdjecie-WhatsApp-2025-10-14-o-09.32.11_c47b0f5a.jpg 1467w\" sizes=\"auto, (max-width: 1024px) 100vw, 1024px\" \/><\/figure><div class=\"wp-block-media-text__content\">\n<p>Komenda Wojew\u00f3dzka Policji w Olsztynie <\/p>\n<\/div><\/div>\n\n\n\n<div class=\"wp-block-media-text has-media-on-the-right is-stacked-on-mobile\" style=\"grid-template-columns:auto 19%\"><div class=\"wp-block-media-text__content\">\n<p>Komenda Sto\u0142eczna Policji<\/p>\n<\/div><figure class=\"wp-block-media-text__media\"><img loading=\"lazy\" decoding=\"async\" width=\"1024\" height=\"1024\" src=\"http:\/\/anikar.pl\/wp-content\/uploads\/2025\/10\/410154191_730453519107674_2824327077505113471_n-1024x1024.jpg\" alt=\"\" class=\"wp-image-267 size-full\" srcset=\"http:\/\/anikar.pl\/wp-content\/uploads\/2025\/10\/410154191_730453519107674_2824327077505113471_n-1024x1024.jpg 1024w, http:\/\/anikar.pl\/wp-content\/uploads\/2025\/10\/410154191_730453519107674_2824327077505113471_n-300x300.jpg 300w, http:\/\/anikar.pl\/wp-content\/uploads\/2025\/10\/410154191_730453519107674_2824327077505113471_n-150x150.jpg 150w, http:\/\/anikar.pl\/wp-content\/uploads\/2025\/10\/410154191_730453519107674_2824327077505113471_n-768x768.jpg 768w, http:\/\/anikar.pl\/wp-content\/uploads\/2025\/10\/410154191_730453519107674_2824327077505113471_n.jpg 1281w\" sizes=\"auto, (max-width: 1024px) 100vw, 1024px\" \/><\/figure><\/div>\n\n\n\n<div class=\"wp-block-media-text is-stacked-on-mobile\" style=\"grid-template-columns:20% auto\"><figure class=\"wp-block-media-text__media\"><img loading=\"lazy\" decoding=\"async\" width=\"487\" height=\"487\" src=\"http:\/\/anikar.pl\/wp-content\/uploads\/2025\/10\/4_W-MBOT_odznk_pam_2021.png\" alt=\"\" class=\"wp-image-268 size-full\" srcset=\"http:\/\/anikar.pl\/wp-content\/uploads\/2025\/10\/4_W-MBOT_odznk_pam_2021.png 487w, http:\/\/anikar.pl\/wp-content\/uploads\/2025\/10\/4_W-MBOT_odznk_pam_2021-300x300.png 300w, http:\/\/anikar.pl\/wp-content\/uploads\/2025\/10\/4_W-MBOT_odznk_pam_2021-150x150.png 150w\" sizes=\"auto, (max-width: 487px) 100vw, 487px\" \/><\/figure><div class=\"wp-block-media-text__content\">\n<p>4 Warmi\u0144sko &#8211; Mazurska Brygada Obrony Terytorialnej<\/p>\n<\/div><\/div>\n\n\n\n<div class=\"wp-block-media-text has-media-on-the-right is-stacked-on-mobile\"><div class=\"wp-block-media-text__content\">\n<p>Nadle\u015bnictwo E\u0142k Lasy Pa\u0144stwowe<\/p>\n<\/div><figure class=\"wp-block-media-text__media\"><img loading=\"lazy\" decoding=\"async\" width=\"464\" height=\"179\" src=\"http:\/\/anikar.pl\/wp-content\/uploads\/2025\/10\/Zrzut-ekranu-2025-10-14-191813.png\" alt=\"\" class=\"wp-image-312 size-full\" srcset=\"http:\/\/anikar.pl\/wp-content\/uploads\/2025\/10\/Zrzut-ekranu-2025-10-14-191813.png 464w, http:\/\/anikar.pl\/wp-content\/uploads\/2025\/10\/Zrzut-ekranu-2025-10-14-191813-300x116.png 300w\" sizes=\"auto, (max-width: 464px) 100vw, 464px\" \/><\/figure><\/div>\n\n\n\n<div class=\"wp-block-media-text is-stacked-on-mobile\" style=\"grid-template-columns:20% auto\"><figure class=\"wp-block-media-text__media\"><img loading=\"lazy\" decoding=\"async\" width=\"480\" height=\"519\" src=\"http:\/\/anikar.pl\/wp-content\/uploads\/2025\/10\/58e6b57ccf341-17309399_1611628728851222_969685187575597783_n-1.jpg\" alt=\"\" class=\"wp-image-275 size-full\" srcset=\"http:\/\/anikar.pl\/wp-content\/uploads\/2025\/10\/58e6b57ccf341-17309399_1611628728851222_969685187575597783_n-1.jpg 480w, http:\/\/anikar.pl\/wp-content\/uploads\/2025\/10\/58e6b57ccf341-17309399_1611628728851222_969685187575597783_n-1-277x300.jpg 277w\" sizes=\"auto, (max-width: 480px) 100vw, 480px\" \/><\/figure><div class=\"wp-block-media-text__content\">\n<p>Centrum Edukacji Mundurowej<\/p>\n<\/div><\/div>\n\n\n\n<p><\/p>\n\n\n\n<div class=\"wp-block-media-text has-media-on-the-right is-stacked-on-mobile\" style=\"grid-template-columns:auto 20%\"><div class=\"wp-block-media-text__content\">\n<p>Komenda Powiatowa Pa\u0144stwowej Stra\u017cy Po\u017carnej w E\u0142ku <\/p>\n\n\n\n<p>Komenda Powiatowa Pa\u0144stwowej Stra\u017cy Po\u017carnej w Olecku <\/p>\n\n\n\n<p>Komenda Miejska Pa\u0144stwowej Stra\u017cy Po\u017carnej w Suwa\u0142kach<\/p>\n<\/div><figure class=\"wp-block-media-text__media\"><img loading=\"lazy\" decoding=\"async\" width=\"600\" height=\"600\" src=\"http:\/\/anikar.pl\/wp-content\/uploads\/2025\/10\/panstwowa-straz-pozarna-psp-logo-png_seeklogo-305950.png\" alt=\"\" class=\"wp-image-315 size-full\" srcset=\"http:\/\/anikar.pl\/wp-content\/uploads\/2025\/10\/panstwowa-straz-pozarna-psp-logo-png_seeklogo-305950.png 600w, http:\/\/anikar.pl\/wp-content\/uploads\/2025\/10\/panstwowa-straz-pozarna-psp-logo-png_seeklogo-305950-300x300.png 300w, http:\/\/anikar.pl\/wp-content\/uploads\/2025\/10\/panstwowa-straz-pozarna-psp-logo-png_seeklogo-305950-150x150.png 150w\" sizes=\"auto, (max-width: 600px) 100vw, 600px\" \/><\/figure><\/div>\n\n\n\n<div class=\"wp-block-media-text is-stacked-on-mobile\" style=\"grid-template-columns:41% auto\"><figure class=\"wp-block-media-text__media\"><img loading=\"lazy\" decoding=\"async\" width=\"700\" height=\"360\" src=\"http:\/\/anikar.pl\/wp-content\/uploads\/2025\/10\/banner-1.png\" alt=\"\" class=\"wp-image-342 size-full\" srcset=\"http:\/\/anikar.pl\/wp-content\/uploads\/2025\/10\/banner-1.png 700w, http:\/\/anikar.pl\/wp-content\/uploads\/2025\/10\/banner-1-300x154.png 300w\" sizes=\"auto, (max-width: 700px) 100vw, 700px\" \/><\/figure><div class=\"wp-block-media-text__content\">\n<p>Gmina E\u0142k<\/p>\n<\/div><\/div>\n\n\n\n<div class=\"wp-block-media-text has-media-on-the-right is-stacked-on-mobile\" style=\"grid-template-columns:auto 41%\"><div class=\"wp-block-media-text__content\">\n<p>Fundacja Wsparcia Nauki i Biznesu<\/p>\n<\/div><figure class=\"wp-block-media-text__media\"><a href=\"https:\/\/fundacjawnb.org.pl\/\" target=\"_blank\" rel=\" noreferrer noopener\"><img loading=\"lazy\" decoding=\"async\" width=\"1024\" height=\"724\" src=\"http:\/\/anikar.pl\/wp-content\/uploads\/2025\/10\/logo-2021-02-1024x724.png\" alt=\"\" class=\"wp-image-337 size-full\" srcset=\"http:\/\/anikar.pl\/wp-content\/uploads\/2025\/10\/logo-2021-02-1024x724.png 1024w, http:\/\/anikar.pl\/wp-content\/uploads\/2025\/10\/logo-2021-02-300x212.png 300w, http:\/\/anikar.pl\/wp-content\/uploads\/2025\/10\/logo-2021-02-768x543.png 768w, http:\/\/anikar.pl\/wp-content\/uploads\/2025\/10\/logo-2021-02-1536x1086.png 1536w, http:\/\/anikar.pl\/wp-content\/uploads\/2025\/10\/logo-2021-02-2048x1448.png 2048w\" sizes=\"auto, (max-width: 1024px) 100vw, 1024px\" \/><\/a><\/figure><\/div>\n\n\n\n<p class=\"has-text-align-center has-medium-font-size\"><strong>Sta\u0142a wsp\u00f3\u0142praca w ramach wsp\u00f3lnej dzia\u0142alno\u015bci statutowej<\/strong><\/p>\n\n\n\n<figure class=\"wp-block-gallery has-nested-images columns-6 wp-block-gallery-1 is-layout-flex wp-block-gallery-is-layout-flex\">\n<figure class=\"wp-block-image size-large\"><img loading=\"lazy\" decoding=\"async\" width=\"731\" height=\"731\" data-id=\"273\" src=\"http:\/\/anikar.pl\/wp-content\/uploads\/2025\/10\/442503411_501873638832337_5795283743109493343_n.jpg\" alt=\"\" class=\"wp-image-273\" srcset=\"http:\/\/anikar.pl\/wp-content\/uploads\/2025\/10\/442503411_501873638832337_5795283743109493343_n.jpg 731w, http:\/\/anikar.pl\/wp-content\/uploads\/2025\/10\/442503411_501873638832337_5795283743109493343_n-300x300.jpg 300w, http:\/\/anikar.pl\/wp-content\/uploads\/2025\/10\/442503411_501873638832337_5795283743109493343_n-150x150.jpg 150w\" sizes=\"auto, (max-width: 731px) 100vw, 731px\" \/><\/figure>\n\n\n\n<figure class=\"wp-block-image size-large\"><img loading=\"lazy\" decoding=\"async\" width=\"325\" height=\"155\" data-id=\"347\" src=\"http:\/\/anikar.pl\/wp-content\/uploads\/2025\/10\/pobrane.jpeg\" alt=\"\" class=\"wp-image-347\" srcset=\"http:\/\/anikar.pl\/wp-content\/uploads\/2025\/10\/pobrane.jpeg 325w, http:\/\/anikar.pl\/wp-content\/uploads\/2025\/10\/pobrane-300x143.jpeg 300w\" sizes=\"auto, (max-width: 325px) 100vw, 325px\" \/><\/figure>\n\n\n\n<figure class=\"wp-block-image size-large\"><img loading=\"lazy\" decoding=\"async\" width=\"727\" height=\"727\" data-id=\"272\" src=\"http:\/\/anikar.pl\/wp-content\/uploads\/2025\/10\/305206721_508967044569339_592112753038174106_n.jpg\" alt=\"\" class=\"wp-image-272\" srcset=\"http:\/\/anikar.pl\/wp-content\/uploads\/2025\/10\/305206721_508967044569339_592112753038174106_n.jpg 727w, http:\/\/anikar.pl\/wp-content\/uploads\/2025\/10\/305206721_508967044569339_592112753038174106_n-300x300.jpg 300w, http:\/\/anikar.pl\/wp-content\/uploads\/2025\/10\/305206721_508967044569339_592112753038174106_n-150x150.jpg 150w\" sizes=\"auto, (max-width: 727px) 100vw, 727px\" \/><\/figure>\n\n\n\n<figure class=\"wp-block-image size-large\"><img loading=\"lazy\" decoding=\"async\" width=\"198\" height=\"100\" data-id=\"346\" src=\"http:\/\/anikar.pl\/wp-content\/uploads\/2025\/10\/pobrane.png\" alt=\"\" class=\"wp-image-346\"\/><\/figure>\n\n\n\n<figure class=\"wp-block-image size-large\"><img loading=\"lazy\" decoding=\"async\" width=\"500\" height=\"500\" data-id=\"313\" src=\"http:\/\/anikar.pl\/wp-content\/uploads\/2025\/10\/R.jpeg\" alt=\"\" class=\"wp-image-313\" srcset=\"http:\/\/anikar.pl\/wp-content\/uploads\/2025\/10\/R.jpeg 500w, http:\/\/anikar.pl\/wp-content\/uploads\/2025\/10\/R-300x300.jpeg 300w, http:\/\/anikar.pl\/wp-content\/uploads\/2025\/10\/R-150x150.jpeg 150w\" sizes=\"auto, (max-width: 500px) 100vw, 500px\" \/><\/figure>\n\n\n\n<figure class=\"wp-block-image size-large\"><img loading=\"lazy\" decoding=\"async\" width=\"624\" height=\"625\" data-id=\"274\" src=\"http:\/\/anikar.pl\/wp-content\/uploads\/2025\/10\/240862266_153356376992827_8248423431367310384_n.png\" alt=\"\" class=\"wp-image-274\" srcset=\"http:\/\/anikar.pl\/wp-content\/uploads\/2025\/10\/240862266_153356376992827_8248423431367310384_n.png 624w, http:\/\/anikar.pl\/wp-content\/uploads\/2025\/10\/240862266_153356376992827_8248423431367310384_n-300x300.png 300w, http:\/\/anikar.pl\/wp-content\/uploads\/2025\/10\/240862266_153356376992827_8248423431367310384_n-150x150.png 150w\" sizes=\"auto, (max-width: 624px) 100vw, 624px\" \/><\/figure>\n<\/figure>\n\n\n\n<figure class=\"wp-block-gallery has-nested-images columns-6 wp-block-gallery-2 is-layout-flex wp-block-gallery-is-layout-flex\">\n<figure class=\"wp-block-image size-large\"><img loading=\"lazy\" decoding=\"async\" width=\"600\" height=\"600\" data-id=\"315\" src=\"http:\/\/anikar.pl\/wp-content\/uploads\/2025\/10\/panstwowa-straz-pozarna-psp-logo-png_seeklogo-305950.png\" alt=\"\" class=\"wp-image-315\" srcset=\"http:\/\/anikar.pl\/wp-content\/uploads\/2025\/10\/panstwowa-straz-pozarna-psp-logo-png_seeklogo-305950.png 600w, http:\/\/anikar.pl\/wp-content\/uploads\/2025\/10\/panstwowa-straz-pozarna-psp-logo-png_seeklogo-305950-300x300.png 300w, http:\/\/anikar.pl\/wp-content\/uploads\/2025\/10\/panstwowa-straz-pozarna-psp-logo-png_seeklogo-305950-150x150.png 150w\" sizes=\"auto, (max-width: 600px) 100vw, 600px\" \/><\/figure>\n\n\n\n<figure class=\"wp-block-image size-large\"><img loading=\"lazy\" decoding=\"async\" width=\"409\" height=\"368\" data-id=\"382\" src=\"http:\/\/anikar.pl\/wp-content\/uploads\/2025\/10\/Zrzut-ekranu-2025-09-01-135537.png\" alt=\"\" class=\"wp-image-382\" srcset=\"http:\/\/anikar.pl\/wp-content\/uploads\/2025\/10\/Zrzut-ekranu-2025-09-01-135537.png 409w, http:\/\/anikar.pl\/wp-content\/uploads\/2025\/10\/Zrzut-ekranu-2025-09-01-135537-300x270.png 300w\" sizes=\"auto, (max-width: 409px) 100vw, 409px\" \/><\/figure>\n\n\n\n<figure class=\"wp-block-image size-large\"><img loading=\"lazy\" decoding=\"async\" width=\"585\" height=\"809\" data-id=\"381\" src=\"http:\/\/anikar.pl\/wp-content\/uploads\/2025\/10\/Zrzut-ekranu-2025-09-05-144136.png\" alt=\"\" class=\"wp-image-381\" srcset=\"http:\/\/anikar.pl\/wp-content\/uploads\/2025\/10\/Zrzut-ekranu-2025-09-05-144136.png 585w, http:\/\/anikar.pl\/wp-content\/uploads\/2025\/10\/Zrzut-ekranu-2025-09-05-144136-217x300.png 217w\" sizes=\"auto, (max-width: 585px) 100vw, 585px\" \/><\/figure>\n\n\n\n<figure class=\"wp-block-image size-large\"><img loading=\"lazy\" decoding=\"async\" width=\"1024\" height=\"1024\" data-id=\"379\" src=\"http:\/\/anikar.pl\/wp-content\/uploads\/2025\/10\/415001378_7738510969509987_7807964336594834008_n-1024x1024.jpg\" alt=\"\" class=\"wp-image-379\" srcset=\"http:\/\/anikar.pl\/wp-content\/uploads\/2025\/10\/415001378_7738510969509987_7807964336594834008_n-1024x1024.jpg 1024w, http:\/\/anikar.pl\/wp-content\/uploads\/2025\/10\/415001378_7738510969509987_7807964336594834008_n-300x300.jpg 300w, http:\/\/anikar.pl\/wp-content\/uploads\/2025\/10\/415001378_7738510969509987_7807964336594834008_n-150x150.jpg 150w, http:\/\/anikar.pl\/wp-content\/uploads\/2025\/10\/415001378_7738510969509987_7807964336594834008_n-768x768.jpg 768w, http:\/\/anikar.pl\/wp-content\/uploads\/2025\/10\/415001378_7738510969509987_7807964336594834008_n.jpg 1495w\" sizes=\"auto, (max-width: 1024px) 100vw, 1024px\" \/><\/figure>\n\n\n\n<figure class=\"wp-block-image size-large\"><img loading=\"lazy\" decoding=\"async\" width=\"800\" height=\"800\" data-id=\"160\" src=\"http:\/\/anikar.pl\/wp-content\/uploads\/2025\/10\/1000046677.png\" alt=\"\" class=\"wp-image-160\" srcset=\"http:\/\/anikar.pl\/wp-content\/uploads\/2025\/10\/1000046677.png 800w, http:\/\/anikar.pl\/wp-content\/uploads\/2025\/10\/1000046677-300x300.png 300w, http:\/\/anikar.pl\/wp-content\/uploads\/2025\/10\/1000046677-150x150.png 150w, http:\/\/anikar.pl\/wp-content\/uploads\/2025\/10\/1000046677-768x768.png 768w\" sizes=\"auto, (max-width: 800px) 100vw, 800px\" \/><\/figure>\n\n\n\n<figure class=\"wp-block-image size-large\"><img loading=\"lazy\" decoding=\"async\" width=\"241\" height=\"130\" data-id=\"380\" src=\"http:\/\/anikar.pl\/wp-content\/uploads\/2025\/10\/Zrzut-ekranu-2024-06-14-112608.png\" alt=\"\" class=\"wp-image-380\"\/><\/figure>\n<\/figure>\n","protected":false},"excerpt":{"rendered":"<p>Fundacja ANIKAR jest cz\u0142onkiem &#8211; za\u0142o\u017cycielem Zwi\u0105zku Cywilnych Grup Poszukiwawczo Ratowniczych Rzeczpospolitej Polskiej, jednocze\u015bnie wsp\u00f3\u0142pracuje ze Zwi\u0105zkiem od dnia powstania. Nasze zespo\u0142y pracuj\u0105 od samego pocz\u0105tku na aplikacji: SIRON &#8211; wspieraj\u0105c poszukiwania zaginionych Razem staramy si\u0119 wsp\u00f3lnie budowa\u0107 spo\u0142eczno\u015b\u0107 profesjonalist\u00f3w w temacie poszukiwa\u0144 i planistyki. Wsp\u00f3\u0142praca na podstawie porozumienia celowego Komenda Wojew\u00f3dzka Policji w Olsztynie [&hellip;]<\/p>\n","protected":false},"author":1,"featured_media":0,"parent":0,"menu_order":0,"comment_status":"closed","ping_status":"closed","template":"","meta":{"footnotes":""},"class_list":["post-127","page","type-page","status-publish","hentry"],"_links":{"self":[{"href":"http:\/\/anikar.pl\/index.php?rest_route=\/wp\/v2\/pages\/127","targetHints":{"allow":["GET"]}}],"collection":[{"href":"http:\/\/anikar.pl\/index.php?rest_route=\/wp\/v2\/pages"}],"about":[{"href":"http:\/\/anikar.pl\/index.php?rest_route=\/wp\/v2\/types\/page"}],"author":[{"embeddable":true,"href":"http:\/\/anikar.pl\/index.php?rest_route=\/wp\/v2\/users\/1"}],"replies":[{"embeddable":true,"href":"http:\/\/anikar.pl\/index.php?rest_route=%2Fwp%2Fv2%2Fcomments&post=127"}],"version-history":[{"count":27,"href":"http:\/\/anikar.pl\/index.php?rest_route=\/wp\/v2\/pages\/127\/revisions"}],"predecessor-version":[{"id":403,"href":"http:\/\/anikar.pl\/index.php?rest_route=\/wp\/v2\/pages\/127\/revisions\/403"}],"wp:attachment":[{"href":"http:\/\/anikar.pl\/index.php?rest_route=%2Fwp%2Fv2%2Fmedia&parent=127"}],"curies":[{"name":"wp","href":"https:\/\/api.w.org\/{rel}","templated":true}]}}