{"id":122,"date":"2025-10-09T19:41:45","date_gmt":"2025-10-09T17:41:45","guid":{"rendered":"http:\/\/anikar.pl\/?page_id=122"},"modified":"2025-10-15T19:08:26","modified_gmt":"2025-10-15T17:08:26","slug":"o-fundacji","status":"publish","type":"page","link":"http:\/\/anikar.pl\/?page_id=122","title":{"rendered":"Historia Fundacji"},"content":{"rendered":"\n<p>Nasza fundacja&nbsp;&nbsp;tak naprawd\u0119 powinna powsta\u0107 ju\u017c kilka lat wcze\u015bniej\u2026.<\/p>\n\n\n\n<p>&nbsp;<img loading=\"lazy\" decoding=\"async\" width=\"200\" height=\"150\" src=\"blob:http:\/\/anikar.pl\/bd497a9e-0d79-4bc6-aeeb-21176d458cb5\">  <\/p>\n\n\n\n<p>W dniu 6 lipca 2012 roku podj\u0119li\u015bmy w ko\u0144cu decyzj\u0119 o za\u0142o\u017ceniu Fundacji, a&nbsp;&nbsp;tym samym spe\u0142nili\u015bmy jedno ze swoich marze\u0144 o stworzeniu organizacji, kt\u00f3ra b\u0119dzie mog\u0142a w przysz\u0142o\u015bci&nbsp;&nbsp;pomaga\u0107&nbsp;&nbsp;innym.&nbsp;&nbsp;Pomys\u0142 na w\u0142asn\u0105 Fundacj\u0119 narodzi\u0142 si\u0119 nam jaki\u015b czas temu tak naprawd\u0119&nbsp;&nbsp;w wyniku&nbsp;propozycji&nbsp;&nbsp;&nbsp;&nbsp;&nbsp;\u015bp. Bogdana Krauze&nbsp;&nbsp;uczestnictwa w obozie Fundacji Ducha z Torunia z kt\u00f3r\u0105 jeste\u015bmy emocjonalnie zwi\u0105zani i my\u015blimy o wsp\u00f3\u0142pracy do ko\u0144ca \u015bwiata.&nbsp;Jednak praca na rzecz<a href=\"http:\/\/www.fundacjaducha.pl\/\">&nbsp;Fundacji Ducha<\/a>&nbsp;ogranicza si\u0119 niestety z uwagi na odleg\u0142o\u015b\u0107 do oboz\u00f3w letnich. Mamy nadzieje \u017ce dzi\u0119ki naszej nowej Fundacji b\u0119dziemy jeszcze lepiej wspiera\u0107&nbsp;<a href=\"http:\/\/www.fundacjaducha.pl\/\">&nbsp;przyjaci\u00f3\u0142 z Torunia<\/a>&nbsp;a i na co dzie\u0144, w Warszawie b\u0119dziemy mie\u0107 grono ludzi, kt\u00f3re b\u0119dzie potrzebowa\u0107 naszego wsparcia.&nbsp;&nbsp;Ju\u017c na wst\u0119pie du\u017co z naszych dotychczasowych wsp\u00f3\u0142pracownik\u00f3w zadeklarowa\u0142o wsparcie i udzia\u0142 w tym projekcie za co bardzo dzi\u0119kujemy.&nbsp;&nbsp;Otrzymali\u015bmy&nbsp;&nbsp;\u201eNa szcz\u0119\u015bcie\u201d nowego cz\u0142onka rodziny&nbsp;&nbsp;&#8211; szczeniaka&nbsp;&nbsp;Siberian Husky&nbsp;&nbsp;z hodowli&nbsp;<a href=\"http:\/\/www.husky-cao.pl\/\">&nbsp;\u201eSONGO Miros\u0142aw Dubiel\u201d<\/a>&nbsp; Pies w przysz\u0142o\u015bci po przej\u015bciu cyklu szkoleniowego i zdaniu egzamin\u00f3w mo\u017ce b\u0119dzie pracowa\u0142 z lud\u017ami w naszej Fundacji<\/p>\n\n\n\n<p>W roku 2016 podj\u0119li\u015bmy jedn\u0105 z wa\u017cniejszych decyzji w \u017cyciu Fundacji  &#8211; jako jeden z prowadzonych projekt\u00f3w powo\u0142ali\u015bmy do \u017cycia  Grup\u0119 Poszukiwawczo -Ratownicz\u0105 ANIKAR  z siedzib\u0105 w Warszawie i uzyskali\u015bmy wpis do rejestru podmiot\u00f3w wsp\u00f3\u0142pracuj\u0105cych z systemem Pa\u0144stwowe Ratownictwo Medyczne prowadzonego przez Wojewod\u0119 Mazowieckiego.  W 2021 roku Grupa poszerzy\u0142a swoj\u0105 dzia\u0142alno\u015b\u0107 na teren Warmii i Mazur . W dniu dzisiejszym  Fundacja ma podpisane liczne porozumienia z Komendantami Powiatowymi PSP, z 4 WMBOT  oraz z  Komend\u0105 Wojew\u00f3dzk\u0105 Policji  w Olsztynie oraz Komenda Sto\u0142eczn\u0105 Policji<\/p>\n\n\n\n<p>Cel Fundacji:  <\/p>\n\n\n\n<p>&#8222;Celem Fundacji jest dzia\u0142alno\u015b\u0107 w zakresie ochrony zdrowia, polegaj\u0105ca na ratowaniu \u017cycia os\u00f3b ze szczeg\u00f3lnym uwzgl\u0119dnieniem dzieci i ich rehabilitacji, w tym rehabilitacji naturalnej, aktywizacji os\u00f3b niepe\u0142nosprawnych oraz wszechstronne dzia\u0142anie na rzecz poprawy stanu ich zdrowia, jak r\u00f3wnie\u017c na dzia\u0142aniu na rzecz promocji zdrowia, edukacji i profilaktyki zdrowotnej&#8221;<\/p>\n\n\n\n<p>Misja i cel dzia\u0142ania mia\u0142 by\u0107 szerszy, jednak do tego trzeba by\u0142o pozyska\u0107 sporo os\u00f3b o podobnym  pomy\u015ble na \u017cycie i sp\u0119dzanie czasu wolnego &#8230;. <\/p>\n\n\n\n<figure class=\"wp-block-image size-large\"><img loading=\"lazy\" decoding=\"async\" width=\"1024\" height=\"432\" src=\"http:\/\/anikar.pl\/wp-content\/uploads\/2025\/10\/1460x616-1024x432.jpeg\" alt=\"\" class=\"wp-image-188\" srcset=\"http:\/\/anikar.pl\/wp-content\/uploads\/2025\/10\/1460x616-1024x432.jpeg 1024w, http:\/\/anikar.pl\/wp-content\/uploads\/2025\/10\/1460x616-300x127.jpeg 300w, http:\/\/anikar.pl\/wp-content\/uploads\/2025\/10\/1460x616-768x324.jpeg 768w, http:\/\/anikar.pl\/wp-content\/uploads\/2025\/10\/1460x616.jpeg 1460w\" sizes=\"auto, (max-width: 1024px) 100vw, 1024px\" \/><\/figure>\n\n\n\n<!--nextpage-->\n\n\n\n<p>Pierwsi podopieczni pierwsze osoby wsp\u00f3\u0142pracuj\u0105ce z Fundacj\u0105 na prze\u0142omie lat 2012-2014  materia\u0142 archiwalny: <br><br>Micha\u0142 Lipowski<br><strong><em>Instruktor&nbsp; wspinaczki ska\u0142kowej, z wykszta\u0142cenia ekonomista z zami\u0142owania&nbsp; ratownik&nbsp; OSP, PCK i WOPR. Zawodowo mi\u0119dzy innymi reorganizowa\u0142 jako Prezes Zarz\u0105du sp\u00f3\u0142ki FP Sp. z o.o.&nbsp; zesp\u00f3\u0142 szk\u00f3\u0142 Pro-Futuro&nbsp; w Warszawie, w\u0142a\u015bciciel firmy ProjectExtreme.&nbsp; Od roku 2006 prowadzi\u0142 zaj\u0119cia z osobami niepe\u0142nosprawnymi&nbsp; pod okiem Toru\u0144skiej Fundacji Ducha,&nbsp; Prezes Zarz\u0105du&nbsp; Fundacji ANIKAR<\/em><\/strong><\/p>\n\n\n\n<p><br>Anna Lipowska<br><strong><em>Absolwentka Uniwersytetu&nbsp; Warszawskiego i&nbsp; studium medycznego w E\u0142ku, z wykszta\u0142cenia nauczyciel&nbsp; wychowania przedszkolnego i wczesnoszkolnego oraz tyflopedagogiki.&nbsp; Od roku 2006 uczestniczy\u0142a w licznych obozach rehabilitacyjnych Fundacji Ducha z Torunia,&nbsp; w\u0142a\u015bciciel Centrum Szkoleniowo Rehabilitacyjnego \u201eANIKAR\u201d do chwili powo\u0142ania Fundacji, nauczyciel w przedszkolu 282 na warszawskim Ursynowie,&nbsp; Wiceprezes Fundacji ANIKAR<\/em><\/strong><br><br>Krzysztof Antoniewski&nbsp;<br><strong><em>Absolwent Akademii Humanistycznej im. Aleksandra Gieysztora, aktywnie udziela\u0142 si\u0119 w wielu przedsi\u0119wzi\u0119ciach spo\u0142eczno edukacyjnych, \u017co\u0142nierz zawodowy zawodowo pracuje w&nbsp; Dow\u00f3dztwie Wojsk L\u0105dowych w warszawskiej Cytadeli, pe\u0142nomocnik Zarz\u0105du Fundacji ANIKAR<\/em><\/strong><\/p>\n\n\n\n<p>Robert Duda<br><strong><em>Student kierunku Piel\u0119gniarstwo oraz kierunku Ratownictwo Medyczne. Posiada uprawnienia Mi\u0119dzynarodowego Instruktora EFR z zakresu Pierwszej Pomocy, Dalszej Pierwszej Pomocy, Pierwszej Pomocy Dzieciom i Niemowl\u0119tom oraz Pierwszej Pomocy z wykorzystaniem defibrylatora AED. Ratownik Medyczny posiadaj\u0105cy kontakt z zawodem pracuj\u0105c w Zespo\u0142ach Systemowych Pa\u0144stwowego Ratownictwa Medycznego w Warszawie. Posiada do\u015bwiadczenie w prowadzeniu oraz organizowaniu kurs\u00f3w Pierwszej Pomocy zar\u00f3wno w\u015br\u00f3d dzieci od 2 roku \u017cycia poprzez wszystkie poziomy kszta\u0142cenia szkolnego oraz prowadzenia kurs\u00f3w dla doros\u0142ych. \u017bo\u0142nierz zawodowy. Lubi aktywnie sp\u0119dza\u0107 czas na szlakach g\u00f3rskich, p\u0142ywaniu oraz je\u017cd\u017c\u0105c na rowerze.&nbsp;<br>W Fundacji ANIKAR &#8211; Szef Centrum Szkoleniowego Fundacji ANIKAR, pe\u0142nomocnik Zarz\u0105du Fundacji ANIKAR<\/em><\/strong><br><br>Kinga Go\u0142\u0119biewska<br><strong><em>mgr Zdrowia Publicznego, Ratownik Medyczny, Ratownik WOPR, absolwent Warszawskiego Uniwersytetu Medycznego na kierunkach: Ratownictwo Medyczne &#8211; studia licencjackie, Zdrowie Publiczne&nbsp; &#8211; studia magisterskie w Fundacji ANIKAR pe\u0142ni funkcj\u0119 Dyrektora ds. promocji zdrowia \/ koordynator szkole\u0144<\/em><\/strong><\/p>\n\n\n\n<p>Bartosz Chorowiec&nbsp;<\/p>\n\n\n\n<p><strong><em>Absolwent Warszawskiego Uniwersytetu Medycznego na kierunku ratownik medyczny, W pracy zawodowej zajmuje si\u0119 g\u0142\u00f3wnie ratownictwem medycznym . W wolnym czasie rekreacyjnie je\u017adzi na rowerze. W Fundacji ANIKAR &#8211; wolontariusz.<\/em><\/strong><\/p>\n\n\n\n<p>Magdalena Wi\u015bniewska<\/p>\n\n\n\n<p><strong><em>-mgr fizjoterapii, absolwentka wydzia\u0142u Rehabilitacji AWF Warszawa 2003r. Wieloletni wyk\u0142adowca Wy\u017cszej Szko\u0142y Rehabilitacji, 15-letnie do\u015bwiadczenie pracy indywidualnej z pacjentem. Pracownik firmy &#8222;Leczenie i edukacja&#8221; jako prowadz\u0105cy szkolenia w zakresie Kinezjotapingu. Hobby-to aktywne sp\u0119dzanie czasu aktywizuj\u0105c wszystkich w oko\u0142o. W Fundacji ANIKAR &#8211; szefowa od rehabilitacji , wolontariusz.<\/em><\/strong><\/p>\n\n\n\n<p>Miros\u0142aw Dubiel<\/p>\n\n\n\n<p><strong><em>Z wykszta\u0142cenia technik fizjoterapii oraz treser ps\u00f3w, uko\u0144czy\u0142 Europejskie Studium Psychologii Zwierz\u0105t w Mi\u0119dzyborowie, od dziecka zwi\u0105zany z psami, pasjonat psiego behawioryzmu i hodowli ps\u00f3w. Prowadzi szko\u0142\u0119 tresury oraz hodowl\u0119 ps\u00f3w z wieloletnim do\u015bwiadczeniem &#8211;&nbsp;<a href=\"http:\/\/www.centrum-songo.pl\/en\/strona-glowna.html\">SONGO<\/a>, w wolnych chwilach sportowiec.<\/em><\/strong><\/p>\n\n\n\n<p>Marlena Boder<\/p>\n\n\n\n<p><strong><em>Z wykszta\u0142cenia ratownik medyczny WUM, aktualnie studiuje na WUM fizjoterapie. W fundacji ANIKAR odpowiedzialna za projekty.<\/em><\/strong><\/p>\n\n\n\n<p>Magdalena \u015amiesz<\/p>\n\n\n\n<p><strong><em>Studentka trzeciego roku studi\u00f3w licencjackich na kierunku Socjologia pracy i zarz\u0105dzania zasobami ludzkimi w Wy\u017cszej Szkole Humanistycznej im. Stanis\u0142awa Leszczy\u0144skiego w Lesznie. Pracuje w F.H. ATLETIC w G\u0142ogowie. Bra\u0142a udzia\u0142 w wyje\u017adzie podopiecznej Fundacji Anikar- Kasi \u015amia\u0142ek. Wychowawca wypoczynku dzieci i m\u0142odzie\u017cy. Uwielbia otacza\u0107 si\u0119 pozytywnymi lud\u017ami, od kt\u00f3rych bez skrupu\u0142\u00f3w zapo\u017cycza dobr\u0105 energi\u0119. W wolnych chwilach szale\u0144stwo na rolkach. W Fundacji ANIKAR &#8211; doskona\u0142y opiekun osoby niepe\u0142nosprawnej.<\/em><\/strong><br><br>Karol Wi\u015bniewski<\/p>\n\n\n\n<p><br><strong><em>Fizjoterapeuta i specjalist\u0105 masa\u017cu. Uko\u0144czy\u0142 Wy\u017csz\u0105 Szko\u0142\u0119 Rehabilitacji i Studium Naturalnych Metod Leczenia &#8222;Medikon&#8221; w Warszawie.Liczne praktyki zawodowe w Centrum ATTIS w Warszawie i Centrum Rehabilitacji &#8222;STOCER&#8221; w Konstancinie, pod kierunkiem znanych lekarzy, autorytet\u00f3w w dziedzinie rehabilitacji.Uko\u0144czy\u0142 kurs metody &#8222;Dotyk Dla Zdrowia&#8221;, oraz kurs kinezjotapingu.W\u0142a\u015bciciel firmy Vitavis masa\u017c i terapie naturalne. W Fundacji ANIKAR &#8211; fizjoterapeuta i masa\u017cysta<\/em><\/strong><br><br>&nbsp;<\/p>\n\n\n\n<p>Bartek Andruszczak<\/p>\n\n\n\n<p><strong><em>Fizjoterapeuta, absolwent WSPiA w Poznaniu, osoba niepe\u0142nosprawna. Absolwent Studi\u00f3w Podyplomowych na kierunku\u201d Wczesna interwencja&nbsp;&nbsp;i wspomaganie rozwoju ma\u0142ego dziecka\u201d WSNHiD w Poznaniu. W&nbsp; Fundacji ANIKAR konsultant, fizjoterapeuta<\/em><\/strong><\/p>\n\n\n\n<p>Adrian Olesi\u0144ski<\/p>\n\n\n\n<p><strong><em>Student Drugiego roku na Kierunku Ratownictwo Medyczne, oraz pierwszego roku na Kierunku Piel\u0119gniarstwo na WSEiP w Kielcach. B\u0119d\u0105c harcerzem ZHR czterdziestej czwartej dru\u017cyny \u201e W\u0119drownik\u00f3w\u201d w Starachowicach, przeszed\u0142 przeszkolenie w ramach ratownictwa medycznego, jak r\u00f3wnie\u017c udzielania pierwszej pomocy w warunkach ekstremalnych, cz\u0142onek grupy HOPR. Posiada przeszkolenie z Pierwszej Pomocy Przedmedycznej oraz kurs KPP. Ch\u0119tnie wyrusza na g\u00f3rskie w\u0119dr\u00f3wki, gdzie r\u00f3wnie\u017c podnosi swoj\u0105 sprawno\u015b\u0107 fizyczn\u0105, a jednocze\u015bnie \u0107wiczyczy swoje umiej\u0119tno\u015bci ratunkowe. Pasjonuj\u0105 go podr\u00f3\u017ce i fotografia. W wolnych chwilach uzupe\u0142nia swoj\u0105 wiedz\u0119 z psychologii kt\u00f3r\u0105 si\u0119 pasjonuje.<\/em><\/strong><br>w Fundacji &#8211; Wolontariusz<\/p>\n\n\n\n<p><br>Karolina Lipowska<br><strong><em>Uczennica Gimnazjum nr 4 w Warszawie od roku 2007 zwi\u0105zana z Fundacj\u0105 Ducha z Torunia, uczestniczy\u0142a jako wolontariusz w ponad dziesi\u0119ciu obozach rehabilitacyjnych Fundacji Ducha pomagaj\u0105c m.in. w hipoterapii i wspinaczce ska\u0142kowej. Bra\u0142a udzia\u0142 w licznych akcjach na rzecz Fundacji WO\u015aP, w Fundacji ANIKAR&nbsp; &#8211; wolontariusz<\/em><\/strong><\/p>\n\n\n\n<p>Kacper Muda<\/p>\n\n\n\n<p><strong><em>Jestem uczniem dwuj\u0119zycznego gimnazjum nr 53 im. Stefanii Sempo\u0142owskiej w Warszawie. Aktywnie uczestnicz\u0119 w akcjach WO\u015aP-u&nbsp;&nbsp;oraz innych akcjach pomocy potrzebuj\u0105cym. Nios\u0119 te\u017c pomoc innym jako harcerz 3 Mazowieckiej Dru\u017cyny Harcerzy \u201eWilki\u201d. W Wolnych chwilach poszerzam swoj\u0105 wiedz\u0119 i umiej\u0119tno\u015bci w zakresie psychologii i ratownictwa medycznego, ale tak\u017ce je\u017cd\u017c\u0119 na rowerze i p\u0142ywam. W Fundacji ANIKAR \u2013 wolontarius<\/em><\/strong>z.<\/p>\n\n\n\n<p>Patrycja Maj<\/p>\n\n\n\n<p><strong><em>&#8222;Jestem studentk\u0105 IV roku Logistyki na Wojskowej Akademii Technicznej w Warszawie. W wolnych chwilach czytam ksi\u0105\u017cki: powie\u015bci historyczne, literatur\u0119 faktu&nbsp; oraz bran\u017cow\u0105 z mojej ulubionej dziedziny- logistyki. Interesuj\u0119 si\u0119 kultur\u0105 oraz j\u0119zykiem w\u0142oskim a tak\u017ce ekonomi\u0105, zarz\u0105dzaniem oraz psychologi\u0105 sprzeda\u017cy. Ponad wszystko kocham podr\u00f3\u017ce, poznawanie nowych ludzi i&nbsp; ich kultur, j\u0119zyk\u00f3w i obyczaj\u00f3w.&#8221; w Fundacji wolontariusz<\/em><\/strong><\/p>\n\n\n\n<p><strong><em>Joanna Warzecha-Bere\u0161<\/em><\/strong><\/p>\n\n\n\n<p><strong><em>Mam 33 lata i choruj\u0119 na rdzeniowy zanik mi\u0119\u015bni (SMA) Od 9-go roku \u017cycia poruszam si\u0119 na w\u00f3zku, a od 5-ciu lat jest to w\u00f3zek elektryczny. SMA jest chorob\u0105 post\u0119puj\u0105c\u0105, w tej chwili nieuleczaln\u0105, ale chocia\u017c fizycznie mam z roku na rok mniej si\u0142y, to pomys\u0142\u00f3w i coraz wi\u0119cej ch\u0119ci na ich realizowanie przybywa.<br>Z wykszta\u0142cenia i zami\u0142owania jestem anglistk\u0105, absolwentk\u0105 filologii angielskiej na Uniwersytecie \u015al\u0105skim. Chcia\u0142am doda\u0107, \u017ce generalnie lubi\u0119 uczy\u0107 si\u0119 j\u0119zyk\u00f3w obcych, kocham dzieci i zwierz\u0119ta, ale w por\u0119 si\u0119 zorientowa\u0142am, \u017ce nie bior\u0119 udzia\u0142u w konkursie Miss Polonia.<br>Pracuj\u0119 w domu, troch\u0119 t\u0142umacz\u0119, ucz\u0119 angielskiego i hiszpa\u0144skiego (na czeski nie znalaz\u0142am ch\u0119tnych &#8211; dziwne). Poch\u0142ania mnie nauka nowych rzeczy, lubi\u0119 te\u017c czyta\u0107, czyta\u0107, czyta\u0107, i nie bardzo lubi\u0119 pisa\u0107, szczeg\u00f3lnie o sobie. Mam podejrzenia, \u017ce lubi\u0119 jeszcze wiele innych rzeczy, ale poniewa\u017c jestem strachliwa, to jeszcze nie wiem czy chodzi o p\u0142ywanie czy mo\u017ce jaki\u015b skok na bungee (oj nie, skok to chyba nie, wybieram raczej szyde\u0142kowanie).&nbsp;<br>&#8212;&nbsp;<br>Pozdrawiam,<br>Joanna Warzecha-Bere\u0161<\/em><\/strong><\/p>\n\n\n\n<p>Katarzyna \u015amia\u0142ek<\/p>\n\n\n\n<p><em><strong>Mam 27 lat i od urodzenia choruj\u0119 na dystrofi\u0119 mi\u0119\u015bniow\u0105 post\u0119puj\u0105c\u0105, nigdy nie chodzi\u0142am a od kilku lat poruszam si\u0119 wy\u0142\u0105cznie za pomoc\u0105 w\u00f3zka elektrycznego, co mo\u017ce mnie fizycznie nie co os\u0142abi\u0142o ale da\u0142o wi\u0119cej samodzielno\u015bci w wychodzeniu dalej&#8230; od 3 lat jestem pod opiek\u0105 paliatywn\u0105 tzn hospicjum domowym, w kt\u00f3rym mam sta\u0142\u0105 opiek\u0119 piel\u0119gniarki, rehabilitanta i lekarza, dzi\u0119ki temu posiadam respirator na sta\u0142e, do kt\u00f3rego jestem dochodz\u0105co, w zale\u017cno\u015bci od z\u0142ego samopoczucia. Fizycznie jestem doj\u015b\u0107 s\u0142aba, z racji, \u017ce choroba post\u0119puje a ja z za\u0142o\u017cenia lekarzy nie powinnam si\u0119 przem\u0119cza\u0107.<br>Rehabilitacj\u0119 mam lekk\u0105 ale \u017cycie staram si\u0119 prowadzi\u0107 jak najbardziej intensywne. Zdaj\u0119 sobie spraw\u0119 na co choruj\u0119 i jak ko\u0144czy si\u0119 moja choroba wi\u0119c kilka lat temu postanowi\u0142am, \u017cy\u0107 tak by w momencie sta\u0142ego pod\u0142\u0105czenia si\u0119 do respiratora czy bycie skazan\u0105 na 24-godzinne le\u017cenie w \u0142\u00f3\u017cku, chc\u0119 mie\u0107 co wspomina\u0107 i nie \u017ca\u0142owa\u0107 tego, co prze\u017cy\u0142am. Wi\u0119c staram si\u0119 robi\u0107 wszystko by si\u0119 realizowa\u0107 na tyle na ile mog\u0119 sobie pozwoli\u0107. Mi\u0119dzy innymi zapisa\u0142am si\u0119 5 lat temu do Jednego \u015awiatu &#8211; organizacja, kt\u00f3ra wysy\u0142a ludzi na Wolontariat Europejski. Wierz\u0119, \u017ce w ko\u0144cu wyjad\u0119 gdzie\u015b za dalej i b\u0119d\u0119 mog\u0142a cho\u0107 przez chwil\u0119 co\u015b zrobi\u0107 dla innych a tym samym zwiedzi\u0107 kawa\u0142ek \u015bwiatu, bo to co najbardziej kocham to podr\u00f3\u017ce i poznawanie nowych miejsc. Du\u017co podr\u00f3\u017cuj\u0119 poci\u0105giem z znajomymi, przyjaci\u00f3\u0142mi. Uwa\u017cam, \u017ce je\u015bli b\u0119d\u0119 sie ba\u0142a wychodzi\u0107 z domu i \u017cy\u0107 to tak naprawd\u0119 niczego nie do\u015bwiadcz\u0119, wi\u0119c staram si\u0119 w sezonie wiosennym, letnim i pocz\u0105tku jesienni podr\u00f3\u017cowa\u0107 i \u017cy\u0107 najlepiej jak to jest mo\u017cliwe. Cz\u0119sto je\u017cd\u017c\u0119 na koncerty &#8211; to jest co\u015b co daje mi du\u017co satysfakcji i pozbawia energii, kt\u00f3ra jest uwi\u0119ziona w ciele.<br>Zawsze marzy\u0142am o wyprawie w Bieszczady, niestety jeszcze nie spotka\u0142am ludzi, kt\u00f3rzy by byli w 100% pewni, \u017ce podo\u0142aj\u0105 z moj\u0105 osob\u0105, zw\u0142aszcza, \u017ce jestem w pe\u0142ni uzale\u017cniona od os\u00f3b drugich.<br>Wierz\u0119, \u017ce mi uda si\u0119 to zrobi\u0107.<\/strong><\/em><\/p>\n\n\n\n<p><\/p>\n","protected":false},"excerpt":{"rendered":"<p>Nasza fundacja&nbsp;&nbsp;tak naprawd\u0119 powinna powsta\u0107 ju\u017c kilka lat wcze\u015bniej\u2026. &nbsp; W dniu 6 lipca 2012 roku podj\u0119li\u015bmy w ko\u0144cu decyzj\u0119 o za\u0142o\u017ceniu Fundacji, a&nbsp;&nbsp;tym samym spe\u0142nili\u015bmy jedno ze swoich marze\u0144 o stworzeniu organizacji, kt\u00f3ra b\u0119dzie mog\u0142a w przysz\u0142o\u015bci&nbsp;&nbsp;pomaga\u0107&nbsp;&nbsp;innym.&nbsp;&nbsp;Pomys\u0142 na w\u0142asn\u0105 Fundacj\u0119 narodzi\u0142 si\u0119 nam jaki\u015b czas temu tak naprawd\u0119&nbsp;&nbsp;w wyniku&nbsp;propozycji&nbsp;&nbsp;&nbsp;&nbsp;&nbsp;\u015bp. Bogdana Krauze&nbsp;&nbsp;uczestnictwa w obozie Fundacji [&hellip;]<\/p>\n","protected":false},"author":1,"featured_media":0,"parent":0,"menu_order":0,"comment_status":"closed","ping_status":"closed","template":"","meta":{"footnotes":""},"class_list":["post-122","page","type-page","status-publish","hentry"],"_links":{"self":[{"href":"http:\/\/anikar.pl\/index.php?rest_route=\/wp\/v2\/pages\/122","targetHints":{"allow":["GET"]}}],"collection":[{"href":"http:\/\/anikar.pl\/index.php?rest_route=\/wp\/v2\/pages"}],"about":[{"href":"http:\/\/anikar.pl\/index.php?rest_route=\/wp\/v2\/types\/page"}],"author":[{"embeddable":true,"href":"http:\/\/anikar.pl\/index.php?rest_route=\/wp\/v2\/users\/1"}],"replies":[{"embeddable":true,"href":"http:\/\/anikar.pl\/index.php?rest_route=%2Fwp%2Fv2%2Fcomments&post=122"}],"version-history":[{"count":9,"href":"http:\/\/anikar.pl\/index.php?rest_route=\/wp\/v2\/pages\/122\/revisions"}],"predecessor-version":[{"id":376,"href":"http:\/\/anikar.pl\/index.php?rest_route=\/wp\/v2\/pages\/122\/revisions\/376"}],"wp:attachment":[{"href":"http:\/\/anikar.pl\/index.php?rest_route=%2Fwp%2Fv2%2Fmedia&parent=122"}],"curies":[{"name":"wp","href":"https:\/\/api.w.org\/{rel}","templated":true}]}}