{"id":120,"date":"2025-10-09T19:41:15","date_gmt":"2025-10-09T17:41:15","guid":{"rendered":"http:\/\/anikar.pl\/?page_id=120"},"modified":"2025-10-14T20:01:26","modified_gmt":"2025-10-14T18:01:26","slug":"mdpr-elk","status":"publish","type":"page","link":"http:\/\/anikar.pl\/?page_id=120","title":{"rendered":"M\u0142odzie\u017cowa Dru\u017cyna Poszukiwawczo &#8211; Ratownicza E\u0142k"},"content":{"rendered":"\n<div class=\"wp-block-media-text is-stacked-on-mobile\" style=\"grid-template-columns:30% auto\"><figure class=\"wp-block-media-text__media\"><img loading=\"lazy\" decoding=\"async\" width=\"953\" height=\"960\" src=\"http:\/\/anikar.pl\/wp-content\/uploads\/2025\/10\/1000046691.png\" alt=\"\" class=\"wp-image-212 size-full\" srcset=\"http:\/\/anikar.pl\/wp-content\/uploads\/2025\/10\/1000046691.png 953w, http:\/\/anikar.pl\/wp-content\/uploads\/2025\/10\/1000046691-298x300.png 298w, http:\/\/anikar.pl\/wp-content\/uploads\/2025\/10\/1000046691-150x150.png 150w, http:\/\/anikar.pl\/wp-content\/uploads\/2025\/10\/1000046691-768x774.png 768w\" sizes=\"auto, (max-width: 953px) 100vw, 953px\" \/><\/figure><div class=\"wp-block-media-text__content\">\n<p>M\u0142odzie\u017cowa Dru\u017cyna \/poszukiwawczo-Ratownicza E\u0142k powsta\u0142a w roku 2023 na mocy porozumienia  Fundacji ANIKAR i Centrum Edukacji Mundurowej w E\u0142ku.  Patronat nad  MDPR obj\u0105\u0142 dow\u00f3dca 44 Batalionu Lekkiej Piechoty z E\u0142ku oraz Komendant Powiatowy Policji w E\u0142ku.<\/p>\n<\/div><\/div>\n\n\n\n<figure class=\"wp-block-gallery has-nested-images columns-default is-cropped wp-block-gallery-1 is-layout-flex wp-block-gallery-is-layout-flex\">\n<figure class=\"wp-block-image size-large\"><img loading=\"lazy\" decoding=\"async\" width=\"1024\" height=\"768\" data-id=\"326\" src=\"http:\/\/anikar.pl\/wp-content\/uploads\/2025\/10\/479732142_122197732406085375_6535821070720229332_n-1024x768.jpg\" alt=\"\" class=\"wp-image-326\" srcset=\"http:\/\/anikar.pl\/wp-content\/uploads\/2025\/10\/479732142_122197732406085375_6535821070720229332_n-1024x768.jpg 1024w, http:\/\/anikar.pl\/wp-content\/uploads\/2025\/10\/479732142_122197732406085375_6535821070720229332_n-300x225.jpg 300w, http:\/\/anikar.pl\/wp-content\/uploads\/2025\/10\/479732142_122197732406085375_6535821070720229332_n-768x576.jpg 768w, http:\/\/anikar.pl\/wp-content\/uploads\/2025\/10\/479732142_122197732406085375_6535821070720229332_n-1536x1152.jpg 1536w, http:\/\/anikar.pl\/wp-content\/uploads\/2025\/10\/479732142_122197732406085375_6535821070720229332_n.jpg 2048w\" sizes=\"auto, (max-width: 1024px) 100vw, 1024px\" \/><\/figure>\n\n\n\n<figure class=\"wp-block-image size-large\"><img loading=\"lazy\" decoding=\"async\" width=\"1024\" height=\"570\" data-id=\"322\" src=\"http:\/\/anikar.pl\/wp-content\/uploads\/2025\/10\/500770095_122214860426085375_7377272201778302901_n-1024x570.jpg\" alt=\"\" class=\"wp-image-322\" srcset=\"http:\/\/anikar.pl\/wp-content\/uploads\/2025\/10\/500770095_122214860426085375_7377272201778302901_n-1024x570.jpg 1024w, http:\/\/anikar.pl\/wp-content\/uploads\/2025\/10\/500770095_122214860426085375_7377272201778302901_n-300x167.jpg 300w, http:\/\/anikar.pl\/wp-content\/uploads\/2025\/10\/500770095_122214860426085375_7377272201778302901_n-768x427.jpg 768w, http:\/\/anikar.pl\/wp-content\/uploads\/2025\/10\/500770095_122214860426085375_7377272201778302901_n.jpg 1427w\" sizes=\"auto, (max-width: 1024px) 100vw, 1024px\" \/><\/figure>\n\n\n\n<figure class=\"wp-block-image size-large\"><img loading=\"lazy\" decoding=\"async\" width=\"1024\" height=\"462\" data-id=\"321\" src=\"http:\/\/anikar.pl\/wp-content\/uploads\/2025\/10\/472716549_122192853470085375_6473231967469682069_n-1024x462.jpg\" alt=\"\" class=\"wp-image-321\" srcset=\"http:\/\/anikar.pl\/wp-content\/uploads\/2025\/10\/472716549_122192853470085375_6473231967469682069_n-1024x462.jpg 1024w, http:\/\/anikar.pl\/wp-content\/uploads\/2025\/10\/472716549_122192853470085375_6473231967469682069_n-300x135.jpg 300w, http:\/\/anikar.pl\/wp-content\/uploads\/2025\/10\/472716549_122192853470085375_6473231967469682069_n-768x346.jpg 768w, http:\/\/anikar.pl\/wp-content\/uploads\/2025\/10\/472716549_122192853470085375_6473231967469682069_n-1536x692.jpg 1536w, http:\/\/anikar.pl\/wp-content\/uploads\/2025\/10\/472716549_122192853470085375_6473231967469682069_n.jpg 2048w\" sizes=\"auto, (max-width: 1024px) 100vw, 1024px\" \/><\/figure>\n\n\n\n<figure class=\"wp-block-image size-full\"><img loading=\"lazy\" decoding=\"async\" width=\"960\" height=\"720\" data-id=\"331\" src=\"http:\/\/anikar.pl\/wp-content\/uploads\/2025\/10\/477017227_122197509176085375_8226997616667971108_n.jpg\" alt=\"\" class=\"wp-image-331\" srcset=\"http:\/\/anikar.pl\/wp-content\/uploads\/2025\/10\/477017227_122197509176085375_8226997616667971108_n.jpg 960w, http:\/\/anikar.pl\/wp-content\/uploads\/2025\/10\/477017227_122197509176085375_8226997616667971108_n-300x225.jpg 300w, http:\/\/anikar.pl\/wp-content\/uploads\/2025\/10\/477017227_122197509176085375_8226997616667971108_n-768x576.jpg 768w\" sizes=\"auto, (max-width: 960px) 100vw, 960px\" \/><\/figure>\n\n\n\n<figure class=\"wp-block-image size-large\"><img loading=\"lazy\" decoding=\"async\" width=\"1024\" height=\"683\" data-id=\"323\" src=\"http:\/\/anikar.pl\/wp-content\/uploads\/2025\/10\/502677299_122214762176085375_3148974652045975431_n-1024x683.jpg\" alt=\"\" class=\"wp-image-323\" srcset=\"http:\/\/anikar.pl\/wp-content\/uploads\/2025\/10\/502677299_122214762176085375_3148974652045975431_n-1024x683.jpg 1024w, http:\/\/anikar.pl\/wp-content\/uploads\/2025\/10\/502677299_122214762176085375_3148974652045975431_n-300x200.jpg 300w, http:\/\/anikar.pl\/wp-content\/uploads\/2025\/10\/502677299_122214762176085375_3148974652045975431_n-768x512.jpg 768w, http:\/\/anikar.pl\/wp-content\/uploads\/2025\/10\/502677299_122214762176085375_3148974652045975431_n-1536x1025.jpg 1536w, http:\/\/anikar.pl\/wp-content\/uploads\/2025\/10\/502677299_122214762176085375_3148974652045975431_n.jpg 2048w\" sizes=\"auto, (max-width: 1024px) 100vw, 1024px\" \/><\/figure>\n\n\n\n<figure class=\"wp-block-image size-large\"><img loading=\"lazy\" decoding=\"async\" width=\"1024\" height=\"462\" data-id=\"320\" src=\"http:\/\/anikar.pl\/wp-content\/uploads\/2025\/10\/469359973_122188580834085375_5743957087165226427_n-1024x462.jpg\" alt=\"\" class=\"wp-image-320\" srcset=\"http:\/\/anikar.pl\/wp-content\/uploads\/2025\/10\/469359973_122188580834085375_5743957087165226427_n-1024x462.jpg 1024w, http:\/\/anikar.pl\/wp-content\/uploads\/2025\/10\/469359973_122188580834085375_5743957087165226427_n-300x135.jpg 300w, http:\/\/anikar.pl\/wp-content\/uploads\/2025\/10\/469359973_122188580834085375_5743957087165226427_n-768x346.jpg 768w, http:\/\/anikar.pl\/wp-content\/uploads\/2025\/10\/469359973_122188580834085375_5743957087165226427_n-1536x692.jpg 1536w, http:\/\/anikar.pl\/wp-content\/uploads\/2025\/10\/469359973_122188580834085375_5743957087165226427_n.jpg 2048w\" sizes=\"auto, (max-width: 1024px) 100vw, 1024px\" \/><\/figure>\n\n\n\n<figure class=\"wp-block-image size-large\"><img loading=\"lazy\" decoding=\"async\" width=\"1024\" height=\"768\" data-id=\"327\" src=\"http:\/\/anikar.pl\/wp-content\/uploads\/2025\/10\/477448973_122197744412085375_7159691714940123719_n-1024x768.jpg\" alt=\"\" class=\"wp-image-327\" srcset=\"http:\/\/anikar.pl\/wp-content\/uploads\/2025\/10\/477448973_122197744412085375_7159691714940123719_n-1024x768.jpg 1024w, http:\/\/anikar.pl\/wp-content\/uploads\/2025\/10\/477448973_122197744412085375_7159691714940123719_n-300x225.jpg 300w, http:\/\/anikar.pl\/wp-content\/uploads\/2025\/10\/477448973_122197744412085375_7159691714940123719_n-768x576.jpg 768w, http:\/\/anikar.pl\/wp-content\/uploads\/2025\/10\/477448973_122197744412085375_7159691714940123719_n-1536x1152.jpg 1536w, http:\/\/anikar.pl\/wp-content\/uploads\/2025\/10\/477448973_122197744412085375_7159691714940123719_n.jpg 2048w\" sizes=\"auto, (max-width: 1024px) 100vw, 1024px\" \/><\/figure>\n<\/figure>\n\n\n\n<p><\/p>\n","protected":false},"excerpt":{"rendered":"<p>M\u0142odzie\u017cowa Dru\u017cyna \/poszukiwawczo-Ratownicza E\u0142k powsta\u0142a w roku 2023 na mocy porozumienia Fundacji ANIKAR i Centrum Edukacji Mundurowej w E\u0142ku. Patronat nad MDPR obj\u0105\u0142 dow\u00f3dca 44 Batalionu Lekkiej Piechoty z E\u0142ku oraz Komendant Powiatowy Policji w E\u0142ku.<\/p>\n","protected":false},"author":1,"featured_media":320,"parent":0,"menu_order":0,"comment_status":"closed","ping_status":"closed","template":"","meta":{"footnotes":""},"class_list":["post-120","page","type-page","status-publish","has-post-thumbnail","hentry"],"_links":{"self":[{"href":"http:\/\/anikar.pl\/index.php?rest_route=\/wp\/v2\/pages\/120","targetHints":{"allow":["GET"]}}],"collection":[{"href":"http:\/\/anikar.pl\/index.php?rest_route=\/wp\/v2\/pages"}],"about":[{"href":"http:\/\/anikar.pl\/index.php?rest_route=\/wp\/v2\/types\/page"}],"author":[{"embeddable":true,"href":"http:\/\/anikar.pl\/index.php?rest_route=\/wp\/v2\/users\/1"}],"replies":[{"embeddable":true,"href":"http:\/\/anikar.pl\/index.php?rest_route=%2Fwp%2Fv2%2Fcomments&post=120"}],"version-history":[{"count":9,"href":"http:\/\/anikar.pl\/index.php?rest_route=\/wp\/v2\/pages\/120\/revisions"}],"predecessor-version":[{"id":333,"href":"http:\/\/anikar.pl\/index.php?rest_route=\/wp\/v2\/pages\/120\/revisions\/333"}],"wp:featuredmedia":[{"embeddable":true,"href":"http:\/\/anikar.pl\/index.php?rest_route=\/wp\/v2\/media\/320"}],"wp:attachment":[{"href":"http:\/\/anikar.pl\/index.php?rest_route=%2Fwp%2Fv2%2Fmedia&parent=120"}],"curies":[{"name":"wp","href":"https:\/\/api.w.org\/{rel}","templated":true}]}}