{"id":116,"date":"2025-10-09T19:39:39","date_gmt":"2025-10-09T17:39:39","guid":{"rendered":"http:\/\/anikar.pl\/?page_id=116"},"modified":"2025-10-14T20:02:19","modified_gmt":"2025-10-14T18:02:19","slug":"gpr-anikar-mazowsze","status":"publish","type":"page","link":"http:\/\/anikar.pl\/?page_id=116","title":{"rendered":"Grupa Poszukiwawczo-Ratownicza ANIKAR Mazowsze"},"content":{"rendered":"\n<div class=\"wp-block-media-text is-stacked-on-mobile\" style=\"grid-template-columns:30% auto\"><figure class=\"wp-block-media-text__media\"><img loading=\"lazy\" decoding=\"async\" width=\"316\" height=\"316\" src=\"http:\/\/anikar.pl\/wp-content\/uploads\/2025\/10\/1000046679.png\" alt=\"\" class=\"wp-image-164 size-full\" srcset=\"http:\/\/anikar.pl\/wp-content\/uploads\/2025\/10\/1000046679.png 316w, http:\/\/anikar.pl\/wp-content\/uploads\/2025\/10\/1000046679-300x300.png 300w, http:\/\/anikar.pl\/wp-content\/uploads\/2025\/10\/1000046679-150x150.png 150w\" sizes=\"auto, (max-width: 316px) 100vw, 316px\" \/><\/figure><div class=\"wp-block-media-text__content\">\n<p>GRUPA POSZUKIWAWCZO-RATOWNICZA ANIKAR powsta\u0142a na mocy uchwa\u0142y Zarz\u0105du Fundacji ANIKAR nr. 1\/08\/2016 z dnia 31 08 2016 i zosta\u0142a wpisana do rejestru podmiot\u00f3w wsp\u00f3\u0142pracuj\u0105cych z systemem Pa\u0144stwowe Ratownictwo Medyczne w dniu 12 pa\u017adziernika 2016 roku &#8211; decyzja nr 7\/2016 znak sprawy WZ-IV.6310.304.2016<\/p>\n\n\n\n<p>Pierwszym naczelnikiem GPR ANIKAR zosta\u0142 Aleksander Lipowski<\/p>\n<\/div><\/div>\n\n\n\n<figure class=\"wp-block-gallery has-nested-images columns-default is-cropped wp-block-gallery-1 is-layout-flex wp-block-gallery-is-layout-flex\">\n<figure class=\"wp-block-image size-large\"><img loading=\"lazy\" decoding=\"async\" width=\"1024\" height=\"683\" data-id=\"183\" src=\"http:\/\/anikar.pl\/wp-content\/uploads\/2025\/10\/IMG_7129-1024x683.jpg\" alt=\"\" class=\"wp-image-183\" srcset=\"http:\/\/anikar.pl\/wp-content\/uploads\/2025\/10\/IMG_7129-1024x683.jpg 1024w, http:\/\/anikar.pl\/wp-content\/uploads\/2025\/10\/IMG_7129-300x200.jpg 300w, http:\/\/anikar.pl\/wp-content\/uploads\/2025\/10\/IMG_7129-768x512.jpg 768w, http:\/\/anikar.pl\/wp-content\/uploads\/2025\/10\/IMG_7129-1536x1024.jpg 1536w, http:\/\/anikar.pl\/wp-content\/uploads\/2025\/10\/IMG_7129-2048x1365.jpg 2048w\" sizes=\"auto, (max-width: 1024px) 100vw, 1024px\" \/><\/figure>\n\n\n\n<figure class=\"wp-block-image size-large\"><img loading=\"lazy\" decoding=\"async\" width=\"1024\" height=\"682\" data-id=\"105\" src=\"http:\/\/anikar.pl\/wp-content\/uploads\/2025\/10\/IMG_5120-1024x682.jpg\" alt=\"\" class=\"wp-image-105\" srcset=\"http:\/\/anikar.pl\/wp-content\/uploads\/2025\/10\/IMG_5120-1024x682.jpg 1024w, http:\/\/anikar.pl\/wp-content\/uploads\/2025\/10\/IMG_5120-300x200.jpg 300w, http:\/\/anikar.pl\/wp-content\/uploads\/2025\/10\/IMG_5120-768x512.jpg 768w, http:\/\/anikar.pl\/wp-content\/uploads\/2025\/10\/IMG_5120-1536x1024.jpg 1536w, http:\/\/anikar.pl\/wp-content\/uploads\/2025\/10\/IMG_5120-2048x1365.jpg 2048w\" sizes=\"auto, (max-width: 1024px) 100vw, 1024px\" \/><figcaption class=\"wp-element-caption\"><br>Fot. DWOT<\/figcaption><\/figure>\n\n\n\n<figure class=\"wp-block-image size-large\"><img loading=\"lazy\" decoding=\"async\" width=\"1024\" height=\"683\" data-id=\"88\" src=\"http:\/\/anikar.pl\/wp-content\/uploads\/2025\/10\/DSC_0516-1024x683.jpeg\" alt=\"\" class=\"wp-image-88\" srcset=\"http:\/\/anikar.pl\/wp-content\/uploads\/2025\/10\/DSC_0516-1024x683.jpeg 1024w, http:\/\/anikar.pl\/wp-content\/uploads\/2025\/10\/DSC_0516-300x200.jpeg 300w, http:\/\/anikar.pl\/wp-content\/uploads\/2025\/10\/DSC_0516-768x512.jpeg 768w, http:\/\/anikar.pl\/wp-content\/uploads\/2025\/10\/DSC_0516-1536x1024.jpeg 1536w, http:\/\/anikar.pl\/wp-content\/uploads\/2025\/10\/DSC_0516-2048x1365.jpeg 2048w\" sizes=\"auto, (max-width: 1024px) 100vw, 1024px\" \/><\/figure>\n<\/figure>\n\n\n\n<p>Od czasu powstania GPR ratownicy mieli zawsze do dyspozycji ambulans oraz zestawy przewidziane w ustawie o PRM, w tym \u015brodki \u0142\u0105czno\u015bci, GPS GARMIN i system powiadomienia. Na przestrzeni lat zmieni\u0142y si\u0119 standardy prowadzenia poszukiwa\u0144 i akcji ratowniczych przez cywilne grupy poszukiwawczo &#8211; ratownicze i w chwili obecnej  GPR ANIKAR pracuje w zakresie poszukiwa\u0144 na systemie SIRON. <\/p>\n\n\n\n<div class=\"wp-block-media-text has-media-on-the-right is-stacked-on-mobile\" style=\"grid-template-columns:auto 20%\"><div class=\"wp-block-media-text__content\">\n<p>W roku 2025 Fundacja ANIKAR mia\u0142a zaszczyt zosta\u0107 jednym z cz\u0142onk\u00f3w za\u0142o\u017cycieli  Zwi\u0105zku Cywilnych Grup Poszukiwawczo &#8211; Ratowniczych Rzeczpospolitej Polskiej.<\/p>\n<\/div><figure class=\"wp-block-media-text__media\"><img loading=\"lazy\" decoding=\"async\" width=\"548\" height=\"596\" src=\"http:\/\/anikar.pl\/wp-content\/uploads\/2025\/10\/Obrazek-62.jpeg\" alt=\"\" class=\"wp-image-218 size-full\" srcset=\"http:\/\/anikar.pl\/wp-content\/uploads\/2025\/10\/Obrazek-62.jpeg 548w, http:\/\/anikar.pl\/wp-content\/uploads\/2025\/10\/Obrazek-62-276x300.jpeg 276w\" sizes=\"auto, (max-width: 548px) 100vw, 548px\" \/><\/figure><\/div>\n\n\n\n<p>Czas i specyfika dzia\u0142a\u0144 pokaza\u0142y, \u017ce niezb\u0119dne jest przystosowanie posiadanego sprz\u0119tu do nowych reali, w roku 2024 do wyposa\u017cenia sta\u0142ego  GPR ANIKAR Mazowsze do\u0142\u0105czy\u0142 Quad z przyczep\u0105 ewakuacyjn\u0105, w roku 2025 zestaw STARLINK i dron DJI z kamer\u0105 termowizyjn\u0105 i zestawem niezb\u0119dnych akcesori. Zesp\u00f3\u0142 coraz cz\u0119\u015bciej dzi\u0119ki zaawansowanej technologii i wyszkolonym na wysokim poziomie ratownikom odnosi liczne sukcesy w terenie. W zwi\u0105zku z podpisanym porozumieniem z Komend\u0105 Sto\u0142eczn\u0105 Policji  dyspozycje z Policji p\u0142yn\u0105 ju\u017c bezpo\u015brednio do  ratownika dy\u017curnego GPR. <\/p>\n","protected":false},"excerpt":{"rendered":"<p>GRUPA POSZUKIWAWCZO-RATOWNICZA ANIKAR powsta\u0142a na mocy uchwa\u0142y Zarz\u0105du Fundacji ANIKAR nr. 1\/08\/2016 z dnia 31 08 2016 i zosta\u0142a wpisana do rejestru podmiot\u00f3w wsp\u00f3\u0142pracuj\u0105cych z systemem Pa\u0144stwowe Ratownictwo Medyczne w dniu 12 pa\u017adziernika 2016 roku &#8211; decyzja nr 7\/2016 znak sprawy WZ-IV.6310.304.2016 Pierwszym naczelnikiem GPR ANIKAR zosta\u0142 Aleksander Lipowski Od czasu powstania GPR ratownicy mieli [&hellip;]<\/p>\n","protected":false},"author":1,"featured_media":0,"parent":0,"menu_order":0,"comment_status":"closed","ping_status":"closed","template":"","meta":{"footnotes":""},"class_list":["post-116","page","type-page","status-publish","hentry"],"_links":{"self":[{"href":"http:\/\/anikar.pl\/index.php?rest_route=\/wp\/v2\/pages\/116","targetHints":{"allow":["GET"]}}],"collection":[{"href":"http:\/\/anikar.pl\/index.php?rest_route=\/wp\/v2\/pages"}],"about":[{"href":"http:\/\/anikar.pl\/index.php?rest_route=\/wp\/v2\/types\/page"}],"author":[{"embeddable":true,"href":"http:\/\/anikar.pl\/index.php?rest_route=\/wp\/v2\/users\/1"}],"replies":[{"embeddable":true,"href":"http:\/\/anikar.pl\/index.php?rest_route=%2Fwp%2Fv2%2Fcomments&post=116"}],"version-history":[{"count":12,"href":"http:\/\/anikar.pl\/index.php?rest_route=\/wp\/v2\/pages\/116\/revisions"}],"predecessor-version":[{"id":334,"href":"http:\/\/anikar.pl\/index.php?rest_route=\/wp\/v2\/pages\/116\/revisions\/334"}],"wp:attachment":[{"href":"http:\/\/anikar.pl\/index.php?rest_route=%2Fwp%2Fv2%2Fmedia&parent=116"}],"curies":[{"name":"wp","href":"https:\/\/api.w.org\/{rel}","templated":true}]}}